{"id":88,"date":"2024-06-21T18:42:12","date_gmt":"2024-06-21T18:42:12","guid":{"rendered":"https:\/\/dealpilot.info\/?product=echo-studio-zertifiziert-und-generalueberholt-smarter-high-fidelity-lautsprecher-mit"},"modified":"2024-06-21T18:42:12","modified_gmt":"2024-06-21T18:42:12","slug":"echo-studio-zertifiziert-und-generalueberholt-smarter-high-fidelity-lautsprecher-mit","status":"publish","type":"product","link":"https:\/\/dealpilot.info\/?product=echo-studio-zertifiziert-und-generalueberholt-smarter-high-fidelity-lautsprecher-mit","title":{"rendered":"Echo Studio, Zertifiziert und general\u00fcberholt \u2013 Smarter High Fidelity-Lautsprecher mit"},"content":{"rendered":"<p><br \/>\nPreis: <span style=\"color:#b12704\">64,99\u00a0\u20ac<\/span><br \/><i><small>Preis Stand Jun 21, 2024 18:42:12 UTC<br \/>\n<\/p>\n<div id=\"productDescription_fullView\">\n<div class=\"a-section text-direction-override\" dir=\"auto\">\n<p><span>Smarter High\u202fFidelity-Lautsprecher mit 3D-Audio und Alexa<\/span><\/p>\n<\/p><\/div>\n<\/p><\/div>\n<p>Immersiver Klang \u2013 5\u202fLautsprecher f\u00fcr kr\u00e4ftigen Bass, dynamische Mitten und kristallklare H\u00f6hen. Dolby Atmos-Verarbeitung verleiht Ihrer Musik R\u00e4umlichkeit, Klarheit und Tiefe.<br \/>Stets bereit \u2013 Alexa kann Musik abspielen, die Nachrichten vorlesen und Fragen beantworten.<br \/>Sprachsteuerung f\u00fcr Ihre Musik \u2013 Streamen Sie Songs von Amazon Music, Apple Music, Spotify, Deezer und weiteren. Mit Amazon Music HD erhalten Sie Zugriff auf 50 Millionen Songs in HD sowie eine stetig wachsende Auswahl an in 3D gemasterter Musik.<br \/>Passt sich an jeden Raum an \u2013 Echo\u202fStudio erfasst automatisch die Akustik Ihres Raumes und passt die Wiedergabe kontinuierlich an, um stets optimalen Klang zu liefern.<br \/>Integrierter Smart\u202fHome-Hub \u2013 Mit Alexa k\u00f6nnen Sie Zigbee-kompatible Smart\u202fHome-Ger\u00e4te per Sprachbefehl steuern.<br \/>Halten Sie Ihre Familie auf dem Laufenden: Verwenden Sie Ihre Alexa-Ger\u00e4te wie eine Gegensprechanlage und sprechen Sie \u00fcber Drop\u202fIn und Ank\u00fcndigungen mit jedem Raum im Haus.<br \/>Entwickelt, um Ihre Privatsph\u00e4re zu sch\u00fctzen \u2013 Umfasst Datenschutz- und Kontrollma\u00dfnahmen auf mehreren Ebenen, darunter eine Mikrofon-aus-Taste, mit der Sie die Stromzufuhr zu den Mikrofonen unterbrechen und sie somit deaktivieren k\u00f6nnen.<br \/>\n<br \/><\/p>\n","protected":false},"excerpt":{"rendered":"<p>Preis: Preis Stand Smarter High\u202fFidelity-Lautsprecher mit 3D-Audio und Alexa Immersiver Klang \u2013 5\u202fLautsprecher f\u00fcr kr\u00e4ftigen Bass, dynamische Mitten und kristallklare H\u00f6hen. Dolby Atmos-Verarbeitung verleiht Ihrer Musik R\u00e4umlichkeit, Klarheit und Tiefe.Stets bereit \u2013 Alexa kann Musik abspielen, die Nachrichten vorlesen und Fragen beantworten.Sprachsteuerung f\u00fcr Ihre Musik \u2013 Streamen Sie Songs von Amazon Music, Apple Music, Spotify, [&hellip;]<\/p>\n","protected":false},"featured_media":89,"comment_status":"open","ping_status":"closed","template":"","meta":{"_gspb_post_css":""},"store":[],"product_brand":[],"product_cat":[],"product_tag":[],"class_list":{"0":"post-88","1":"product","2":"type-product","3":"status-publish","4":"has-post-thumbnail","7":"first","8":"instock","9":"shipping-taxable","10":"product-type-external"},"_links":{"self":[{"href":"https:\/\/dealpilot.info\/index.php?rest_route=\/wp\/v2\/product\/88","targetHints":{"allow":["GET"]}}],"collection":[{"href":"https:\/\/dealpilot.info\/index.php?rest_route=\/wp\/v2\/product"}],"about":[{"href":"https:\/\/dealpilot.info\/index.php?rest_route=\/wp\/v2\/types\/product"}],"replies":[{"embeddable":true,"href":"https:\/\/dealpilot.info\/index.php?rest_route=%2Fwp%2Fv2%2Fcomments&post=88"}],"wp:featuredmedia":[{"embeddable":true,"href":"https:\/\/dealpilot.info\/index.php?rest_route=\/wp\/v2\/media\/89"}],"wp:attachment":[{"href":"https:\/\/dealpilot.info\/index.php?rest_route=%2Fwp%2Fv2%2Fmedia&parent=88"}],"wp:term":[{"taxonomy":"store","embeddable":true,"href":"https:\/\/dealpilot.info\/index.php?rest_route=%2Fwp%2Fv2%2Fstore&post=88"},{"taxonomy":"product_brand","embeddable":true,"href":"https:\/\/dealpilot.info\/index.php?rest_route=%2Fwp%2Fv2%2Fproduct_brand&post=88"},{"taxonomy":"product_cat","embeddable":true,"href":"https:\/\/dealpilot.info\/index.php?rest_route=%2Fwp%2Fv2%2Fproduct_cat&post=88"},{"taxonomy":"product_tag","embeddable":true,"href":"https:\/\/dealpilot.info\/index.php?rest_route=%2Fwp%2Fv2%2Fproduct_tag&post=88"}],"curies":[{"name":"wp","href":"https:\/\/api.w.org\/{rel}","templated":true}]}}