{"id":6876,"date":"2025-03-20T07:56:19","date_gmt":"2025-03-20T07:56:19","guid":{"rendered":"https:\/\/dealpilot.info\/?product=angerer-freizeitmobel-gmbh-hollywoodschaukel-lounge-smart-gartenschaukel-made-in-germany"},"modified":"2025-03-20T07:56:20","modified_gmt":"2025-03-20T07:56:20","slug":"angerer-freizeitmobel-gmbh-hollywoodschaukel-lounge-smart-gartenschaukel-made-in-germany","status":"publish","type":"product","link":"https:\/\/dealpilot.info\/?product=angerer-freizeitmobel-gmbh-hollywoodschaukel-lounge-smart-gartenschaukel-made-in-germany","title":{"rendered":"Angerer Freizeitm\u00f6bel GmbH Hollywoodschaukel Lounge Smart &#8211; Gartenschaukel Made in Germany &#8211;"},"content":{"rendered":"<p><br \/>\nPreis: <span style=\"color:#b12704\"><del>1.044,15\u20ac<\/del> - 849,00\u20ac<\/span><br \/><i><small>Preis Stand Mar 20, 2025 07:56:20 UTC<br \/>\n<\/p>\n<p>         Produktbeschreibung des Herstellers            <\/p>\n<p>                                                                        <img decoding=\"async\" alt=\"holz hoch seitenmarkise seitensichtschutz umkleidekabine seitlich grau ausziehbar wetterfest innen \" src=\"https:\/\/images-na.ssl-images-amazon.com\/images\/G\/01\/x-locale\/common\/grey-pixel.gif\" class=\"a-spacing-base a-lazy-loaded\" data-src=\"https:\/\/m.media-amazon.com\/images\/S\/aplus-media-library-service-media\/d6e1a135-d005-45f6-80db-053308684155.__CR0,0,1940,1200_PT0_SX970_V1___.jpg\"><img decoding=\"async\" alt=\"holz hoch seitenmarkise seitensichtschutz umkleidekabine seitlich grau ausziehbar wetterfest innen \" src=\"https:\/\/m.media-amazon.com\/images\/S\/aplus-media-library-service-media\/d6e1a135-d005-45f6-80db-053308684155.__CR0,0,1940,1200_PT0_SX970_V1___.jpg\">                                                                     <\/p>\n<p>                                                 <img decoding=\"async\" alt=\"\" src=\"https:\/\/images-na.ssl-images-amazon.com\/images\/G\/01\/x-locale\/common\/grey-pixel.gif\" class=\"a-spacing-mini a-lazy-loaded\" data-src=\"https:\/\/m.media-amazon.com\/images\/S\/aplus-media-library-service-media\/2162e985-e827-43ed-9220-de9560746b0f.__CR0,0,300,400_PT0_SX300_V1___.jpg\"><img decoding=\"async\" alt=\"\" src=\"https:\/\/m.media-amazon.com\/images\/S\/aplus-media-library-service-media\/2162e985-e827-43ed-9220-de9560746b0f.__CR0,0,300,400_PT0_SX300_V1___.jpg\">   <\/p>\n<p>                                                         <img decoding=\"async\" alt=\"holz hoch seitenmarkise seitensichtschutz umkleidekabine seitlich grau ausziehbar wetterfest innen \" src=\"https:\/\/images-na.ssl-images-amazon.com\/images\/G\/01\/x-locale\/common\/grey-pixel.gif\" class=\"a-spacing-mini a-lazy-loaded\" data-src=\"https:\/\/m.media-amazon.com\/images\/S\/aplus-media-library-service-media\/f484daaf-0272-4688-9ceb-28587fcbbdf8.__CR0,0,700,350_PT0_SX350_V1___.jpg\"><img decoding=\"async\" alt=\"holz hoch seitenmarkise seitensichtschutz umkleidekabine seitlich grau ausziehbar wetterfest innen \" src=\"https:\/\/m.media-amazon.com\/images\/S\/aplus-media-library-service-media\/f484daaf-0272-4688-9ceb-28587fcbbdf8.__CR0,0,700,350_PT0_SX350_V1___.jpg\">                                           \u00dcber uns                                 <\/p>\n<p class=\"a-spacing-small a-size-small a-color-secondary\"> Wir bei Angerer haben es uns mit unserem breiten Sortiment an Freizeitm\u00f6beln zur Aufgabe gemacht, Ihnen ein St\u00fcck Urlaub nach Hause zu bringen. Seit 1973 bieten wir eine vielf\u00e4ltige Auswahl an M\u00f6beln und Zubeh\u00f6r \u2013 und das in bester Qualit\u00e4t. Unsere Produkte tragen das Qualit\u00e4tssiegel &#8220;Made in Germany&#8221;. Unsere Angerer Freizeitm\u00f6bel Produktpalette umfasst Hollywoodschaukeln und Markisen sowie Paravents und Stellw\u00e4nde. <\/p>\n<p>                                       Made in Germany       Hohe Kundenzufriedenheit       Gr\u00f6\u00dfte Auswahl in Deutschland       Einfache Montage       <\/p>\n<h3 class=\"a-spacing-mini\"> Hollywoodschaukel Lounge Smart stone <\/h3>\n<p>                                          Gartenschaukel zum Sitzen, Liegen und Entspannen                                     <\/p>\n<p class=\"a-spacing-base\"> Auf unserer Hollywoodschaukel Lounge Smart finden bis zu drei Personen Platz. Dank der Kettenaufh\u00e4ngung kann die Sitz- und Liegeposition individuell verstellt werden. Je nachdem, in welches Kettenglied die Karabiner eingeh\u00e4ngt werden, kann die Schaukelbank in eine Liegefl\u00e4che oder die Lounge-Position umgewandelt werden, sodass Sie die Schaukel als Liege und Bett nutzen und sich himmlisch entspannen k\u00f6nnen. <\/p>\n<p>                                                          Kissen und Auflagen im Lieferumfang enthalten       individuell verstellbares Dach       Sitz- und Liegeposition individuell verstellbar       hohe Lichtechtheit, robust &amp; wetterfest       praktischer Getr\u00e4nkehalter       Ma\u00dfe: 160 cm hoch, 210 cm breit      <\/p>\n<h3 class=\"a-spacing-small\"> Nicht nur optisch ein Highlight <\/h3>\n<p class=\"apm-text-center\">\n                                                 <img decoding=\"async\" alt=\"holz kinder sitzer set personen lounge ersatzdach schaukelliege h\u00e4ngeliege schwebeliege sitzgarnitur\" src=\"https:\/\/images-na.ssl-images-amazon.com\/images\/G\/01\/x-locale\/common\/grey-pixel.gif\" class=\"a-lazy-loaded\" data-src=\"https:\/\/m.media-amazon.com\/images\/S\/aplus-media-library-service-media\/f0bfc33a-b38b-45fb-b2d8-8101c9dfc00d.__CR0,0,440,440_PT0_SX220_V1___.jpg\"><img decoding=\"async\" alt=\"holz kinder sitzer set personen lounge ersatzdach schaukelliege h\u00e4ngeliege schwebeliege sitzgarnitur\" src=\"https:\/\/m.media-amazon.com\/images\/S\/aplus-media-library-service-media\/f0bfc33a-b38b-45fb-b2d8-8101c9dfc00d.__CR0,0,440,440_PT0_SX220_V1___.jpg\">   <\/p>\n<p>                                                    PREMIUM QUALIT\u00c4T                                     <\/p>\n<p class=\"a-size-small\">\n<p>Sonnendach und Sitz aus modernem Primetex Gewebepflegeleicht, abwaschbarhohe Lichtechtheitverzinktes und pulverbeschichtetes Stahl-Gestellkratzunempfindlich     <\/p>\n<p class=\"apm-text-center\">\n                                                 <img decoding=\"async\" alt=\"holz kinder sitzer set personen lounge ersatzdach schaukelliege h\u00e4ngeliege schwebeliege sitzgarnitur\" src=\"https:\/\/images-na.ssl-images-amazon.com\/images\/G\/01\/x-locale\/common\/grey-pixel.gif\" class=\"a-lazy-loaded\" data-src=\"https:\/\/m.media-amazon.com\/images\/S\/aplus-media-library-service-media\/cffd36c9-5768-4941-be70-1b632befe61c.__CR0,0,220,220_PT0_SX220_V1___.jpg\"><img decoding=\"async\" alt=\"holz kinder sitzer set personen lounge ersatzdach schaukelliege h\u00e4ngeliege schwebeliege sitzgarnitur\" src=\"https:\/\/m.media-amazon.com\/images\/S\/aplus-media-library-service-media\/cffd36c9-5768-4941-be70-1b632befe61c.__CR0,0,220,220_PT0_SX220_V1___.jpg\">   <\/p>\n<p>                                                    HOCHWERTIGER M\u00d6BELSTOFF                                     <\/p>\n<p class=\"a-size-small\">\n<p>inkl. 3 Sitzauflagen, 2 kleine und 2 gro\u00dfe Sofakissen Kissen abziehbar &amp; waschbar bei 30\u00b0 Cdicke Schaumstofff\u00fcllunghohe Lichtechtheit     <\/p>\n<p class=\"apm-text-center\">\n                                                 <img decoding=\"async\" alt=\"holz kinder sitzer set personen lounge ersatzdach schaukelliege h\u00e4ngeliege schwebeliege sitzgarnitur\" src=\"https:\/\/images-na.ssl-images-amazon.com\/images\/G\/01\/x-locale\/common\/grey-pixel.gif\" class=\"a-lazy-loaded\" data-src=\"https:\/\/m.media-amazon.com\/images\/S\/aplus-media-library-service-media\/063c951f-3025-412e-b55b-29937a5f87e1.__CR0,0,220,220_PT0_SX220_V1___.jpg\"><img decoding=\"async\" alt=\"holz kinder sitzer set personen lounge ersatzdach schaukelliege h\u00e4ngeliege schwebeliege sitzgarnitur\" src=\"https:\/\/m.media-amazon.com\/images\/S\/aplus-media-library-service-media\/063c951f-3025-412e-b55b-29937a5f87e1.__CR0,0,220,220_PT0_SX220_V1___.jpg\">   <\/p>\n<p>                                                    BEQUEME LIEGEFUNKTION                                     <\/p>\n<p class=\"a-size-small\">\n<p>Sitz- und Liegeposition individuell verstellbarLiegefl\u00e4che 180 x 160 cmindividuell verstellbares Dach     <\/p>\n<p class=\"apm-text-center\">\n                                                 <img decoding=\"async\" alt=\"holz hoch seitenmarkise seitensichtschutz umkleidekabine seitlich grau ausziehbar wetterfest innen \" src=\"https:\/\/images-na.ssl-images-amazon.com\/images\/G\/01\/x-locale\/common\/grey-pixel.gif\" class=\"a-lazy-loaded\" data-src=\"https:\/\/m.media-amazon.com\/images\/S\/aplus-media-library-service-media\/8c6c9213-b2be-4e47-82c5-54593c42a6fb.__CR0,0,440,440_PT0_SX220_V1___.jpg\"><img decoding=\"async\" alt=\"holz hoch seitenmarkise seitensichtschutz umkleidekabine seitlich grau ausziehbar wetterfest innen \" src=\"https:\/\/m.media-amazon.com\/images\/S\/aplus-media-library-service-media\/8c6c9213-b2be-4e47-82c5-54593c42a6fb.__CR0,0,440,440_PT0_SX220_V1___.jpg\">   <\/p>\n<p>                                                    HERGESTELLT IN DEUTSCHLAND                                     <\/p>\n<p class=\"a-size-small\">\n<p>Produktion ausschlie\u00dflich am Standort in Deutschlandalle Produkte tragen das Qualit\u00e4tssiegel &#8220;Made in Germany&#8221;     <\/p>\n<p>                                                                        <img decoding=\"async\" alt=\"hollywoodschaukel lounge schaukel gartenschaukel\" src=\"https:\/\/images-na.ssl-images-amazon.com\/images\/G\/01\/x-locale\/common\/grey-pixel.gif\" class=\"a-spacing-base a-lazy-loaded\" data-src=\"https:\/\/m.media-amazon.com\/images\/S\/aplus-media-library-service-media\/ec3c5ea5-6efc-4207-9100-db2504964bd6.__CR0,0,970,600_PT0_SX970_V1___.jpg\"><img decoding=\"async\" alt=\"hollywoodschaukel lounge schaukel gartenschaukel\" src=\"https:\/\/m.media-amazon.com\/images\/S\/aplus-media-library-service-media\/ec3c5ea5-6efc-4207-9100-db2504964bd6.__CR0,0,970,600_PT0_SX970_V1___.jpg\">                                                                     <\/p>\n<p>                         In den Einkaufswagen  <\/p>\n<p>                         In den Einkaufswagen  <\/p>\n<p>                         In den Einkaufswagen  <\/p>\n<p>                         In den Einkaufswagen  <\/p>\n<p>                         In den Einkaufswagen  <\/p>\n<p>                             Kundenrezensionen  <\/p>\n<p>                    4,3 von 5 Sternen  365  <\/p>\n<p>                    5,0 von 5 Sternen  2  <\/p>\n<p>                    3,3 von 5 Sternen  34  <\/p>\n<p>                    5,0 von 5 Sternen  3  <\/p>\n<p>                    4,5 von 5 Sternen  48  <\/p>\n<p>                    4,2 von 5 Sternen  62  <\/p>\n<p>                             Preis  <\/p>\n<p>                                    849,00\u00a0\u20ac\u20ac849,00                  1.349,99\u00a0\u20ac\u20ac1.349,99                  679,99\u00a0\u20ac\u20ac679,99                  799,99\u00a0\u20ac\u20ac799,99                  849,99\u00a0\u20ac\u20ac849,99                  521,65\u00a0\u20ac\u20ac521,65        <\/p>\n<p>                             Kissen abziehbar &amp; waschbar  <\/p>\n<p>                                              \u2713<\/p>\n<p>                                              \u2713<\/p>\n<p>                                              \u2713<\/p>\n<p>                                              \u2713<\/p>\n<p>                                              \u2713<\/p>\n<p>                                              \u2713<\/p>\n<p>                             wetterfeste Kissen<br \/>\n                                  no data<\/p>\n<p>                                              \u2713<br \/>\n                                                          no data<br \/>\n                                                              no data<br \/>\n                                                              no data<br \/>\n                                                              no data<\/p>\n<p>                             Dach<br \/>\n                                wetterfest &amp; abwaschbar               wetterfest &amp; abwaschbar               waschbar bei 30\u00b0 C               wetterfest &amp; abwaschbar               wetterfest &amp; abwaschbar               wetterfest &amp; abwaschbar        <\/p>\n<p>                             Dachform<br \/>\n                                gerade               gerade               gewellt               gerade               gerade               gerade        <\/p>\n<p>                             Bettfunktion<br \/>\n                                individuell verstellbar               individuell verstellbar               abklappbare Lehne               abklappbare Lehne               abklappbare Lehne               individuell verstellbar        <\/p>\n<p>                             Sitzfl\u00e4che<br \/>\n                                Primetex               Primetex               Kunststoff               Kunststoff               Primetex               Primetex        <\/p>\n<p>                             Sitzpl\u00e4tze<br \/>\n                                3               3               3               3               3               1        <\/p>\n<p>                             extra hohe Lehne  <\/p>\n<p>                                              \u2713<\/p>\n<p>                                              \u2713<br \/>\n                                                          no data<br \/>\n                                                              no data<br \/>\n                                                              no data<\/p>\n<p>                                              \u2713<\/p>\n<p>ABSOLUTE ENTSPANNUNG: Unsere Outdoor Schaukel bietet Platz f\u00fcr die ganze Familie. Sie bietet die M\u00f6glichkeit zu schaukeln, zu sitzen oder zu liegen und sorgt somit f\u00fcr absolute Entspannung im heimischen Garten!<br \/>HOCHWERTIGE QUALIT\u00c4T: Vertrauen Sie auf Qualit\u00e4t Made in Germany. Das verzinkte und pulverbeschichtete Stahl-Gestell bietet robusten Halt, w\u00e4hrend die hochwertige Auflage f\u00fcr bequemes Sitzen und Liegen sorgt.<br \/>BEQUEME BETTFUNKTION: Die Sitz- und Liegeposition der Schaukel ist individuell verstellbar, sodass Sie die Schaukel als Liege und Bett nutzen und sich himmlisch entspannen k\u00f6nnen.<br \/>SCH\u00dcTZENDES SONNENDACH: Dank dem modernen Dach der Hollywoodschaukel genie\u00dfen Sie ganz nach Ihrem Wunsch wahlweise Schatten oder Sonne. Komplettieren Sie Ihre Gartenm\u00f6bel mit einer super bequemen Gartenliege und Sonnenliege.<br \/>EINFACHE MONTAGE: Die Schaukel bietet eine sehr einfache Montage und Ersatzteile sind einzeln nachbestellbar. Die im Lieferumfang enthaltene Auflage mit Rei\u00dfverschluss besitzt abziehbare und waschbare Bez\u00fcge.<br \/>\n<br \/><\/p>\n","protected":false},"excerpt":{"rendered":"<p>Preis: Preis Stand Produktbeschreibung des Herstellers \u00dcber uns Wir bei Angerer haben es uns mit unserem breiten Sortiment an Freizeitm\u00f6beln zur Aufgabe gemacht, Ihnen ein St\u00fcck Urlaub nach Hause zu bringen. Seit 1973 bieten wir eine vielf\u00e4ltige Auswahl an M\u00f6beln und Zubeh\u00f6r \u2013 und das in bester Qualit\u00e4t. Unsere Produkte tragen das Qualit\u00e4tssiegel &#8220;Made in [&hellip;]<\/p>\n","protected":false},"featured_media":6877,"comment_status":"open","ping_status":"closed","template":"","meta":{"_gspb_post_css":""},"store":[],"product_brand":[],"product_cat":[],"product_tag":[],"class_list":{"0":"post-6876","1":"product","2":"type-product","3":"status-publish","4":"has-post-thumbnail","7":"first","8":"instock","9":"sale","10":"shipping-taxable","11":"product-type-external"},"_links":{"self":[{"href":"https:\/\/dealpilot.info\/index.php?rest_route=\/wp\/v2\/product\/6876","targetHints":{"allow":["GET"]}}],"collection":[{"href":"https:\/\/dealpilot.info\/index.php?rest_route=\/wp\/v2\/product"}],"about":[{"href":"https:\/\/dealpilot.info\/index.php?rest_route=\/wp\/v2\/types\/product"}],"replies":[{"embeddable":true,"href":"https:\/\/dealpilot.info\/index.php?rest_route=%2Fwp%2Fv2%2Fcomments&post=6876"}],"wp:featuredmedia":[{"embeddable":true,"href":"https:\/\/dealpilot.info\/index.php?rest_route=\/wp\/v2\/media\/6877"}],"wp:attachment":[{"href":"https:\/\/dealpilot.info\/index.php?rest_route=%2Fwp%2Fv2%2Fmedia&parent=6876"}],"wp:term":[{"taxonomy":"store","embeddable":true,"href":"https:\/\/dealpilot.info\/index.php?rest_route=%2Fwp%2Fv2%2Fstore&post=6876"},{"taxonomy":"product_brand","embeddable":true,"href":"https:\/\/dealpilot.info\/index.php?rest_route=%2Fwp%2Fv2%2Fproduct_brand&post=6876"},{"taxonomy":"product_cat","embeddable":true,"href":"https:\/\/dealpilot.info\/index.php?rest_route=%2Fwp%2Fv2%2Fproduct_cat&post=6876"},{"taxonomy":"product_tag","embeddable":true,"href":"https:\/\/dealpilot.info\/index.php?rest_route=%2Fwp%2Fv2%2Fproduct_tag&post=6876"}],"curies":[{"name":"wp","href":"https:\/\/api.w.org\/{rel}","templated":true}]}}