{"id":38859,"date":"2026-05-10T01:05:45","date_gmt":"2026-05-10T01:05:45","guid":{"rendered":"https:\/\/dealpilot.info\/?product=marc-opolo-herren-b21223053092-t-shirt-1er-pack-6"},"modified":"2026-05-10T01:05:47","modified_gmt":"2026-05-10T01:05:47","slug":"marc-opolo-herren-b21223053092-t-shirt-1er-pack-6","status":"publish","type":"product","link":"https:\/\/dealpilot.info\/?product=marc-opolo-herren-b21223053092-t-shirt-1er-pack-6","title":{"rendered":"Marc O&#8217;Polo Herren B21223053092 T-Shirt (1er Pack)"},"content":{"rendered":"<p><br \/>\nPreis: <span style=\"color:#b12704\">59,30\u20ac<\/span><br \/><i><small>Preis Stand May 10, 2026 01:05:47 UTC<br \/>\n<br \/>\n    <span>MARC O\u2019POLO CASUAL Polo \u2013 Herren Poloshirt \u2013 klassisches Polohemd aus Bio-Baumwolle<\/span><br \/><span>Das ideal und atmungsaktive Poloshirt f\u00fcr M\u00e4nner besitzt neben dem typischen Flachstrickkragen einen geraden Saum mit seitlichen Schlitzen. Des Weiteren hat das kurz\u00e4rmlige Polohemd 2 Kn\u00f6pfe in Halsgegend die nach Belieben ge\u00f6ffnet oder geschlossen werden k\u00f6nnen. Da wir gro\u00dfen Wert auf Nachhaltigkeit legen sind all unsere Materialien aus zertifiziertem Anbau und aus feinsten Bio-Material hergestellt. F\u00fcr die n\u00e4chste Party oder auf der Arbeit ein Blickfang werden mit unseren bequemen und stylischen Shirts.<\/span><br \/><span>Markenversprechen:<\/span><br \/><span>MARC O\u2019POLO steht f\u00fcr zeitgem\u00e4\u00dfe, ideal Casual Wear und Kleidung. Wir setzen auf nat\u00fcrliche Materialien, Bio-Baumwolle aus zertifiziertem Anbau und Naturfasern aus biologischer Landwirtschaft ohne gentechnisch ver\u00e4ndertes Saatgut, synthetische Pestizide und D\u00fcngemittel.<\/span><br \/> Im Angebot von Amazon.de seit                                            \u200f                                            :                                            \u200e                                            12. Juli 2022   <br \/> Hersteller                                            \u200f                                            :                                            \u200e                                            Marc O&#8217;Polo International GmbH   <br \/> ASIN                                            \u200f                                            :                                            \u200e                                            B0B6BV1LR6   <br \/> Modellnummer                                            \u200f                                            :                                            \u200e                                            B21223053092   <br \/> Kategorie                                            \u200f                                            :                                            \u200e                                            Herren   <br \/>       Amazon Bestseller-Rang:  Nr. 111 in Fashion (Siehe Top 100 in Fashion)    Nr. 2 in Poloshirts f\u00fcr Herren      <br \/>  Kundenrezensionen:                                                                                            4,2               4,2 von 5 Sternen                                  (665)                                              var dpAcrHasRegisteredArcLinkClickAction;                    P.when(&#8216;A&#8217;, &#8216;ready&#8217;).execute(function(A) {                        if (dpAcrHasRegisteredArcLinkClickAction !== true) {                            dpAcrHasRegisteredArcLinkClickAction = true;                            A.declarative(                                &#8216;acrLink-click-metrics&#8217;, &#8216;click&#8217;,                                { &#8220;allowLinkDefault&#8221;: true },                                function (event) {                                    if (window.ue) {                                        ue.count(&#8220;acrLinkClickCount&#8221;, (ue.count(&#8220;acrLinkClickCount&#8221;) || 0) + 1);                                    }                                }                            );                        }                    });                                             P.when(&#8216;A&#8217;, &#8216;cf&#8217;).execute(function(A) {                A.declarative(&#8216;acrStarsLink-click-metrics&#8217;, &#8216;click&#8217;, { &#8220;allowLinkDefault&#8221; : true },  function(event){                    if(window.ue) {                        ue.count(&#8220;acrStarsLinkWithPopoverClickCount&#8221;, (ue.count(&#8220;acrStarsLinkWithPopoverClickCount&#8221;) || 0) + 1);                    }                });            });                          <\/p>\n\n","protected":false},"excerpt":{"rendered":"<p>Preis: Preis Stand MARC O\u2019POLO CASUAL Polo \u2013 Herren Poloshirt \u2013 klassisches Polohemd aus Bio-BaumwolleDas ideal und atmungsaktive Poloshirt f\u00fcr M\u00e4nner besitzt neben dem typischen Flachstrickkragen einen geraden Saum mit seitlichen Schlitzen. Des Weiteren hat das kurz\u00e4rmlige Polohemd 2 Kn\u00f6pfe in Halsgegend die nach Belieben ge\u00f6ffnet oder geschlossen werden k\u00f6nnen. Da wir gro\u00dfen Wert auf [&hellip;]<\/p>\n","protected":false},"featured_media":38860,"comment_status":"open","ping_status":"closed","template":"","meta":{"_gspb_post_css":""},"store":[],"product_brand":[],"product_cat":[],"product_tag":[],"class_list":{"0":"post-38859","1":"product","2":"type-product","3":"status-publish","4":"has-post-thumbnail","7":"first","8":"instock","9":"shipping-taxable","10":"product-type-external"},"_links":{"self":[{"href":"https:\/\/dealpilot.info\/index.php?rest_route=\/wp\/v2\/product\/38859","targetHints":{"allow":["GET"]}}],"collection":[{"href":"https:\/\/dealpilot.info\/index.php?rest_route=\/wp\/v2\/product"}],"about":[{"href":"https:\/\/dealpilot.info\/index.php?rest_route=\/wp\/v2\/types\/product"}],"replies":[{"embeddable":true,"href":"https:\/\/dealpilot.info\/index.php?rest_route=%2Fwp%2Fv2%2Fcomments&post=38859"}],"wp:featuredmedia":[{"embeddable":true,"href":"https:\/\/dealpilot.info\/index.php?rest_route=\/wp\/v2\/media\/38860"}],"wp:attachment":[{"href":"https:\/\/dealpilot.info\/index.php?rest_route=%2Fwp%2Fv2%2Fmedia&parent=38859"}],"wp:term":[{"taxonomy":"store","embeddable":true,"href":"https:\/\/dealpilot.info\/index.php?rest_route=%2Fwp%2Fv2%2Fstore&post=38859"},{"taxonomy":"product_brand","embeddable":true,"href":"https:\/\/dealpilot.info\/index.php?rest_route=%2Fwp%2Fv2%2Fproduct_brand&post=38859"},{"taxonomy":"product_cat","embeddable":true,"href":"https:\/\/dealpilot.info\/index.php?rest_route=%2Fwp%2Fv2%2Fproduct_cat&post=38859"},{"taxonomy":"product_tag","embeddable":true,"href":"https:\/\/dealpilot.info\/index.php?rest_route=%2Fwp%2Fv2%2Fproduct_tag&post=38859"}],"curies":[{"name":"wp","href":"https:\/\/api.w.org\/{rel}","templated":true}]}}