{"id":38837,"date":"2026-05-02T06:07:12","date_gmt":"2026-05-02T06:07:12","guid":{"rendered":"https:\/\/dealpilot.info\/?product=gorenje-nrk620ca2xl4-kuhlgefrierkombination-freistehend-331l-gesamtvolumen-35db-eek"},"modified":"2026-05-02T06:07:13","modified_gmt":"2026-05-02T06:07:13","slug":"gorenje-nrk620ca2xl4-kuhlgefrierkombination-freistehend-331l-gesamtvolumen-35db-eek","status":"publish","type":"product","link":"https:\/\/dealpilot.info\/?product=gorenje-nrk620ca2xl4-kuhlgefrierkombination-freistehend-331l-gesamtvolumen-35db-eek","title":{"rendered":"Gorenje NRK620CA2XL4 K\u00fchlgefrierkombination\/Freistehend\/331L Gesamtvolumen\/ 35dB\/EEK:"},"content":{"rendered":"<p><br \/>\nPreis: <span style=\"color:#b12704\"><del>599,00\u20ac<\/del> - 509,15\u20ac<\/span><br \/><i><small>Preis Stand May 02, 2026 06:07:13 UTC<br \/>\n<\/p>\n<p>                                                 Produktbeschreibung des Herstellers   <\/p>\n<p>                                                                                                       <img decoding=\"async\" alt=\"Der Text lautet \u201eGorenje\u201c. Modernes K\u00fccheninterieur mit Ger\u00e4ten und offenen Regalen mit Pflanzen. Mehrere Ansichten desselben Raums mit minimalistischem Design.\" src=\"https:\/\/images-na.ssl-images-amazon.com\/images\/G\/01\/x-locale\/common\/grey-pixel.gif\" class=\"a-lazy-loaded\" data-src=\"https:\/\/m.media-amazon.com\/images\/S\/aplus-media-library-service-media\/9aa75756-5caf-4752-8596-7f36f972d272.__CR0,0,1464,600_PT0_SX1464_V1___.jpg\"><img decoding=\"async\" alt=\"Der Text lautet \u201eGorenje\u201c. Modernes K\u00fccheninterieur mit Ger\u00e4ten und offenen Regalen mit Pflanzen. Mehrere Ansichten desselben Raums mit minimalistischem Design.\" src=\"https:\/\/m.media-amazon.com\/images\/S\/aplus-media-library-service-media\/9aa75756-5caf-4752-8596-7f36f972d272.__CR0,0,1464,600_PT0_SX1464_V1___.jpg\">                                               <\/p>\n<p>                                                                                     <img decoding=\"async\" alt=\"Der Text lautet \u201eAdeptTech\u201c. Moderne, minimalistische B\u00fcror\u00e4ume mit wei\u00dfen W\u00e4nden, Holzregalen und Zimmerpflanzen schaffen eine saubere, professionelle Umgebung.\" src=\"https:\/\/m.media-amazon.com\/images\/S\/aplus-media-library-service-media\/22a1dd49-2170-455e-97e6-87ac8b3b1125.__CR0,0,1464,600_PT0_SX1464_V1___.jpg\">                                                                                   <\/p>\n<p class=\"aplus-p3\"> Dieses intelligente System wurde entwickelt, um eine konstante Temperatur im K\u00fchlschrank aufrechtzuerhalten, unabh\u00e4ngig davon, wie oft Du die T\u00fcr \u00f6ffnest. <\/p>\n<p>                                                                                     <img decoding=\"async\" alt=\"Innenszene mit offenem K\u00fchlschrank, der mit LED-Streifenbeleuchtung entlang der Regale beleuchtet wird, wodurch der Inhalt gut sichtbar ist.\" src=\"https:\/\/m.media-amazon.com\/images\/S\/aplus-media-library-service-media\/055fea73-96be-4cfe-b5c9-5661bf96a204.__CR0,0,1464,600_PT0_SX1464_V1___.jpg\">                                                                                   <\/p>\n<p class=\"aplus-p3\"> Eines der besten K\u00fchlsysteme auf dem Markt, das im Gefrierfach installiert ist, verhindert die Ansammlung von Eis und Frost, um den Stromverbrauch niedrig zu halten. <\/p>\n<p>                                                                                     <img decoding=\"async\" alt=\"Der Text lautet \u201eINVERTED COMPRESSION\u201c mit dazugeh\u00f6rigem Diagramm, das Wellen- oder Kompressionsmuster in Blau und Wei\u00df mit rosafarbenen Akzentelementen zeigt.\" src=\"https:\/\/m.media-amazon.com\/images\/S\/aplus-media-library-service-media\/f79f5e49-67d4-45a8-a288-975935ca8d09.__CR0,0,1464,600_PT0_SX1464_V1___.jpg\">                                                                                   <\/p>\n<p class=\"aplus-p3\"> Inverterkompressoren sind leiser, langlebiger und verbrauchen im Vergleich zu herk\u00f6mmlichen Kompressoren weniger Energie. Sie passen sich besser und schneller an Temperatur\u00e4nderungen an. <\/p>\n<p>AdaptTech: Dieses intelligente System wurde entwickelt, um eine konstante Temperatur im K\u00fchlschrank aufrechtzuerhalten, unabh\u00e4ngig davon, wie oft Du die T\u00fcr \u00f6ffnest. Der K\u00fchlschrank \u00fcberwacht kontinuierlich die Art und Weise, wie Du ihn verwendest, und verwaltet die Temperatur, um einen Temperaturanstieg zu verhindern. So wird sichergestellt, dass Deine Lebensmittel frisch bleiben und der Energieverbrauch gesenkt wird.<br \/>NoFrost Plus: Eines der besten K\u00fchlsysteme auf dem Markt, das im Gefrierfach installiert ist, verhindert die Ansammlung von Eis und Frost, um den Stromverbrauch niedrig zu halten. Dadurch ist die Nutzung der Speicherkapazit\u00e4t optimal und das Auftauen und Reinigen des Innenraums ist nicht mehr erforderlich. Weiters haftet die Tiefk\u00fchlkost nicht aneinander, somit sind alle Lebensmittel sauber und ordentlich im Gefrierschrank gut aufgehoben.<br \/>Convert FreshZone: Diese praktische Schublade verwandelt sich von einer Fisch- und Fleischschublade in eine Obst- und Gem\u00fcseschublade &#8211; problemloses Unterbringen all Deiner frischen Lebensmittel (2-3\u00b0C niedriger als im K\u00fchlteil).<br \/>CrispZone mit Feuchteregler: In der ger\u00e4umigen CrispZone-Schublade bleiben die N\u00e4hrstoffe erhalten und die Frische Deiner Lebensmittel wird dank der niedrigen Temperatur und der Regelung der Luftfeuchtigkeit verl\u00e4ngert.<br \/>FastFreeze: Die FastFreeze-Funktion friert die Lebensmittel bei -24 \u00b0 C ein, um die meisten Mineralien in den Lebensmitteln zu erhalten. Nach ca. 2 Tagen wird die Funktion automatisch ausgeschaltet und die Gefrierfachtemperatur kehrt zur urspr\u00fcnglichen Einstellung zur\u00fcck.<br \/>\n<br \/><\/p>\n","protected":false},"excerpt":{"rendered":"<p>Preis: Preis Stand Produktbeschreibung des Herstellers Dieses intelligente System wurde entwickelt, um eine konstante Temperatur im K\u00fchlschrank aufrechtzuerhalten, unabh\u00e4ngig davon, wie oft Du die T\u00fcr \u00f6ffnest. Eines der besten K\u00fchlsysteme auf dem Markt, das im Gefrierfach installiert ist, verhindert die Ansammlung von Eis und Frost, um den Stromverbrauch niedrig zu halten. Inverterkompressoren sind leiser, langlebiger [&hellip;]<\/p>\n","protected":false},"featured_media":38838,"comment_status":"open","ping_status":"closed","template":"","meta":{"_gspb_post_css":""},"store":[],"product_brand":[],"product_cat":[],"product_tag":[],"class_list":{"0":"post-38837","1":"product","2":"type-product","3":"status-publish","4":"has-post-thumbnail","7":"first","8":"instock","9":"sale","10":"shipping-taxable","11":"product-type-external"},"_links":{"self":[{"href":"https:\/\/dealpilot.info\/index.php?rest_route=\/wp\/v2\/product\/38837","targetHints":{"allow":["GET"]}}],"collection":[{"href":"https:\/\/dealpilot.info\/index.php?rest_route=\/wp\/v2\/product"}],"about":[{"href":"https:\/\/dealpilot.info\/index.php?rest_route=\/wp\/v2\/types\/product"}],"replies":[{"embeddable":true,"href":"https:\/\/dealpilot.info\/index.php?rest_route=%2Fwp%2Fv2%2Fcomments&post=38837"}],"wp:featuredmedia":[{"embeddable":true,"href":"https:\/\/dealpilot.info\/index.php?rest_route=\/wp\/v2\/media\/38838"}],"wp:attachment":[{"href":"https:\/\/dealpilot.info\/index.php?rest_route=%2Fwp%2Fv2%2Fmedia&parent=38837"}],"wp:term":[{"taxonomy":"store","embeddable":true,"href":"https:\/\/dealpilot.info\/index.php?rest_route=%2Fwp%2Fv2%2Fstore&post=38837"},{"taxonomy":"product_brand","embeddable":true,"href":"https:\/\/dealpilot.info\/index.php?rest_route=%2Fwp%2Fv2%2Fproduct_brand&post=38837"},{"taxonomy":"product_cat","embeddable":true,"href":"https:\/\/dealpilot.info\/index.php?rest_route=%2Fwp%2Fv2%2Fproduct_cat&post=38837"},{"taxonomy":"product_tag","embeddable":true,"href":"https:\/\/dealpilot.info\/index.php?rest_route=%2Fwp%2Fv2%2Fproduct_tag&post=38837"}],"curies":[{"name":"wp","href":"https:\/\/api.w.org\/{rel}","templated":true}]}}