{"id":38831,"date":"2026-05-02T05:22:42","date_gmt":"2026-05-02T05:22:42","guid":{"rendered":"https:\/\/dealpilot.info\/?product=adidas-herren-vl-court-3-0-schuhe-4"},"modified":"2026-05-02T05:22:43","modified_gmt":"2026-05-02T05:22:43","slug":"adidas-herren-vl-court-3-0-schuhe-4","status":"publish","type":"product","link":"https:\/\/dealpilot.info\/?product=adidas-herren-vl-court-3-0-schuhe-4","title":{"rendered":"Adidas Herren VL Court 3.0 Schuhe"},"content":{"rendered":"<p><br \/>\nPreis: <span style=\"color:#b12704\"><del>70,00\u20ac<\/del> - 33,43\u20ac<\/span><br \/><i><small>Preis Stand May 02, 2026 05:22:43 UTC<br \/>\n<br \/>\n    <span>Einfach und doch auff\u00e4llig. Diese adidas Sneaker sind aus Glattleder gefertigt und f\u00fcr Komfort gef\u00fcttert. Leichte D\u00e4mpfung bietet die Unterst\u00fctzung, die Sie brauchen, wenn Sie Tag f\u00fcr Tag unterwegs sind. Sie sind mit einer vulkanisierten Gummi-Au\u00dfensohle versehen, die Flexibilit\u00e4t und Skater-Flair bietet.<\/span>    <br \/> Im Angebot von Amazon.de seit                                            \u200f                                            :                                            \u200e                                            2. Februar 2024   <br \/> Hersteller                                            \u200f                                            :                                            \u200e                                            adidas   <br \/> ASIN                                            \u200f                                            :                                            \u200e                                            B0DQQY6R34   <br \/> Modellnummer                                            \u200f                                            :                                            \u200e                                            IF4458 ANWR   <br \/> Kategorie                                            \u200f                                            :                                            \u200e                                            Herren   <br \/>       Amazon Bestseller-Rang:  Nr. 30 in Fashion (Siehe Top 100 in Fashion)    Nr. 3 in Herren-Sneaker      <br \/>  Kundenrezensionen:                                                                                            4,5               4,5 von 5 Sternen                                  (13.083)                                              var dpAcrHasRegisteredArcLinkClickAction;                    P.when(&#8216;A&#8217;, &#8216;ready&#8217;).execute(function(A) {                        if (dpAcrHasRegisteredArcLinkClickAction !== true) {                            dpAcrHasRegisteredArcLinkClickAction = true;                            A.declarative(                                &#8216;acrLink-click-metrics&#8217;, &#8216;click&#8217;,                                { &#8220;allowLinkDefault&#8221;: true },                                function (event) {                                    if (window.ue) {                                        ue.count(&#8220;acrLinkClickCount&#8221;, (ue.count(&#8220;acrLinkClickCount&#8221;) || 0) + 1);                                    }                                }                            );                        }                    });                                             P.when(&#8216;A&#8217;, &#8216;cf&#8217;).execute(function(A) {                A.declarative(&#8216;acrStarsLink-click-metrics&#8217;, &#8216;click&#8217;, { &#8220;allowLinkDefault&#8221; : true },  function(event){                    if(window.ue) {                        ue.count(&#8220;acrStarsLinkWithPopoverClickCount&#8221;, (ue.count(&#8220;acrStarsLinkWithPopoverClickCount&#8221;) || 0) + 1);                    }                });            });                          <\/p>\n\n","protected":false},"excerpt":{"rendered":"<p>Preis: Preis Stand Einfach und doch auff\u00e4llig. Diese adidas Sneaker sind aus Glattleder gefertigt und f\u00fcr Komfort gef\u00fcttert. Leichte D\u00e4mpfung bietet die Unterst\u00fctzung, die Sie brauchen, wenn Sie Tag f\u00fcr Tag unterwegs sind. Sie sind mit einer vulkanisierten Gummi-Au\u00dfensohle versehen, die Flexibilit\u00e4t und Skater-Flair bietet. Im Angebot von Amazon.de seit \u200f : \u200e 2. Februar [&hellip;]<\/p>\n","protected":false},"featured_media":38832,"comment_status":"open","ping_status":"closed","template":"","meta":{"_gspb_post_css":""},"store":[],"product_brand":[],"product_cat":[],"product_tag":[],"class_list":{"0":"post-38831","1":"product","2":"type-product","3":"status-publish","4":"has-post-thumbnail","7":"first","8":"instock","9":"sale","10":"shipping-taxable","11":"product-type-external"},"_links":{"self":[{"href":"https:\/\/dealpilot.info\/index.php?rest_route=\/wp\/v2\/product\/38831","targetHints":{"allow":["GET"]}}],"collection":[{"href":"https:\/\/dealpilot.info\/index.php?rest_route=\/wp\/v2\/product"}],"about":[{"href":"https:\/\/dealpilot.info\/index.php?rest_route=\/wp\/v2\/types\/product"}],"replies":[{"embeddable":true,"href":"https:\/\/dealpilot.info\/index.php?rest_route=%2Fwp%2Fv2%2Fcomments&post=38831"}],"wp:featuredmedia":[{"embeddable":true,"href":"https:\/\/dealpilot.info\/index.php?rest_route=\/wp\/v2\/media\/38832"}],"wp:attachment":[{"href":"https:\/\/dealpilot.info\/index.php?rest_route=%2Fwp%2Fv2%2Fmedia&parent=38831"}],"wp:term":[{"taxonomy":"store","embeddable":true,"href":"https:\/\/dealpilot.info\/index.php?rest_route=%2Fwp%2Fv2%2Fstore&post=38831"},{"taxonomy":"product_brand","embeddable":true,"href":"https:\/\/dealpilot.info\/index.php?rest_route=%2Fwp%2Fv2%2Fproduct_brand&post=38831"},{"taxonomy":"product_cat","embeddable":true,"href":"https:\/\/dealpilot.info\/index.php?rest_route=%2Fwp%2Fv2%2Fproduct_cat&post=38831"},{"taxonomy":"product_tag","embeddable":true,"href":"https:\/\/dealpilot.info\/index.php?rest_route=%2Fwp%2Fv2%2Fproduct_tag&post=38831"}],"curies":[{"name":"wp","href":"https:\/\/api.w.org\/{rel}","templated":true}]}}