{"id":38829,"date":"2026-05-02T05:11:23","date_gmt":"2026-05-02T05:11:23","guid":{"rendered":"https:\/\/dealpilot.info\/?product=gorenje-dhne83-trockner-kondensation-mit-warmepumpe-8kg-15"},"modified":"2026-05-02T05:11:25","modified_gmt":"2026-05-02T05:11:25","slug":"gorenje-dhne83-trockner-kondensation-mit-warmepumpe-8kg-15","status":"publish","type":"product","link":"https:\/\/dealpilot.info\/?product=gorenje-dhne83-trockner-kondensation-mit-warmepumpe-8kg-15","title":{"rendered":"Gorenje DHNE83 Trockner\/Kondensation mit W\u00e4rmepumpe \/ 8KG \/ 15"},"content":{"rendered":"<p><br \/>\nPreis: <span style=\"color:#b12704\"><del>499,00\u20ac<\/del> - 399,00\u20ac<\/span><br \/><i><small>Preis Stand May 02, 2026 05:11:24 UTC<br \/>\n<br \/>\n    <span>Goreje DHNE83 Trockner \/ Kondensation mit W\u00e4rmepumpe \/ 8KG \/ 15 Programme \/ Made in Europe \/ TwinAir \/ Feuchtesensor \/ Zeitverz\u00f6gerung \/ Lieblingsprogramme \/ LED Display \/ EEK: C<\/span>    <br \/>W\u00e4rmepumpe mit TwinAir: Die optimierte W\u00e4rmepumpe mit breiteren Luftkan\u00e4len in einer der gr\u00f6\u00dften Trommeln der Welt bew\u00e4ltigt m\u00fchelos gro\u00dfe W\u00e4schemengen. Dieser W\u00e4schetrockner der Klasse C trocknet schonender als herk\u00f6mmliche Trocknungssysteme, wodurch die W\u00e4sche knitterfreier wird.<br \/>Inverter PowerDrive Motor: Der kraftvolle, b\u00fcrstenlose Inverter PowerDrive Motor gew\u00e4hrleistet eine hohe Leistung, ist erheblich leiser im Betrieb, verbraucht weniger Energie und zeichnet sich durch eine l\u00e4ngere Lebensdauer aus.<br \/>AutoDrain: Wenn Sie sich f\u00fcr einen Kondenstrockner anstatt einen Ablufttrockner entscheiden, m\u00fcssen Sie nie wieder den Kondensatbeh\u00e4lter leeren. Bei dieser Art von Trockner kondensiert, dass Wasser und wird in einem Beh\u00e4lter mit 5 Liter Fassungsverm\u00f6gen gesammelt. Wenn jedoch der Kondensatbeh\u00e4lter mit einem Schlauch direkt mit dem Abflussrohr verbunden wird, muss der Beh\u00e4lter nie wieder manuell geleert werden.<br \/>Kindersicherung: Die Trocknert\u00fcr l\u00e4sst sich nicht w\u00e4hrend des Trockenvorgangs nicht \u00f6ffnen. Mit dem Dr\u00fccken einer bestimmten Tastenkombination auf der Bedienblende ist eine Ver\u00e4nderung der festgelegten Programme nicht mehr m\u00f6glich, was einen zus\u00e4tzlichen Schutz bietet.<br \/>Einfache Filterreinigung: Eine sauberes Flusenfilter und ein regelm\u00e4\u00dfig entleerter Kodensationsbeh\u00e4lter sind wichtig, um eine optimale Trocknung zu erzielen. Deshalb haben wir den Flusenfilter in der T\u00fcr platziert, wo er leicht herausgenommen und gereinigt werden kann.<br \/>\n<br \/><\/p>\n","protected":false},"excerpt":{"rendered":"<p>Preis: Preis Stand Goreje DHNE83 Trockner \/ Kondensation mit W\u00e4rmepumpe \/ 8KG \/ 15 Programme \/ Made in Europe \/ TwinAir \/ Feuchtesensor \/ Zeitverz\u00f6gerung \/ Lieblingsprogramme \/ LED Display \/ EEK: C W\u00e4rmepumpe mit TwinAir: Die optimierte W\u00e4rmepumpe mit breiteren Luftkan\u00e4len in einer der gr\u00f6\u00dften Trommeln der Welt bew\u00e4ltigt m\u00fchelos gro\u00dfe W\u00e4schemengen. Dieser W\u00e4schetrockner [&hellip;]<\/p>\n","protected":false},"featured_media":38830,"comment_status":"open","ping_status":"closed","template":"","meta":{"_gspb_post_css":""},"store":[],"product_brand":[],"product_cat":[],"product_tag":[],"class_list":{"0":"post-38829","1":"product","2":"type-product","3":"status-publish","4":"has-post-thumbnail","7":"first","8":"instock","9":"sale","10":"shipping-taxable","11":"product-type-external"},"_links":{"self":[{"href":"https:\/\/dealpilot.info\/index.php?rest_route=\/wp\/v2\/product\/38829","targetHints":{"allow":["GET"]}}],"collection":[{"href":"https:\/\/dealpilot.info\/index.php?rest_route=\/wp\/v2\/product"}],"about":[{"href":"https:\/\/dealpilot.info\/index.php?rest_route=\/wp\/v2\/types\/product"}],"replies":[{"embeddable":true,"href":"https:\/\/dealpilot.info\/index.php?rest_route=%2Fwp%2Fv2%2Fcomments&post=38829"}],"wp:featuredmedia":[{"embeddable":true,"href":"https:\/\/dealpilot.info\/index.php?rest_route=\/wp\/v2\/media\/38830"}],"wp:attachment":[{"href":"https:\/\/dealpilot.info\/index.php?rest_route=%2Fwp%2Fv2%2Fmedia&parent=38829"}],"wp:term":[{"taxonomy":"store","embeddable":true,"href":"https:\/\/dealpilot.info\/index.php?rest_route=%2Fwp%2Fv2%2Fstore&post=38829"},{"taxonomy":"product_brand","embeddable":true,"href":"https:\/\/dealpilot.info\/index.php?rest_route=%2Fwp%2Fv2%2Fproduct_brand&post=38829"},{"taxonomy":"product_cat","embeddable":true,"href":"https:\/\/dealpilot.info\/index.php?rest_route=%2Fwp%2Fv2%2Fproduct_cat&post=38829"},{"taxonomy":"product_tag","embeddable":true,"href":"https:\/\/dealpilot.info\/index.php?rest_route=%2Fwp%2Fv2%2Fproduct_tag&post=38829"}],"curies":[{"name":"wp","href":"https:\/\/api.w.org\/{rel}","templated":true}]}}