{"id":38821,"date":"2026-05-02T04:21:27","date_gmt":"2026-05-02T04:21:27","guid":{"rendered":"https:\/\/dealpilot.info\/?product=buseu-plissee-klemmfix-35x80cmbxh-hellgrau-easyfix-faltrollo-ohne-bohren-lichtdurchlassig"},"modified":"2026-05-03T17:06:26","modified_gmt":"2026-05-03T17:06:26","slug":"buseu-plissee-klemmfix-35x80cmbxh-hellgrau-easyfix-faltrollo-ohne-bohren-lichtdurchlassig","status":"publish","type":"product","link":"https:\/\/dealpilot.info\/?product=buseu-plissee-klemmfix-35x80cmbxh-hellgrau-easyfix-faltrollo-ohne-bohren-lichtdurchlassig","title":{"rendered":"Buseu Plissee Klemmfix 35x80cm(BXH) Hellgrau Easyfix Faltrollo ohne Bohren Lichtdurchl\u00e4ssig"},"content":{"rendered":"<p><br \/>\nPreis: <span style=\"color:#b12704\"><del>14,99\u20ac<\/del> - 12,74\u20ac<\/span><br \/><i><small>Preis Stand May 02, 2026 04:21:29 UTC<br \/>\n<\/p>\n<p>                                                 Von der Marke   <\/p>\n<p>                                              <img decoding=\"async\" alt=\"Der Text lautet \u201eSCH\u00d6NE DECO F\u00dcR IHR ZUHAUSE\u201c. Innenszene, die einen lichtdurchfluteten Wohnraum mit M\u00f6beln, Zimmerpflanzen und Boxen zeigt, der auf einen bewegten oder dekorativen Kontext hindeutet.\" src=\"https:\/\/images-na.ssl-images-amazon.com\/images\/G\/01\/x-locale\/common\/grey-pixel.gif\" class=\"a-lazy-loaded\" data-src=\"https:\/\/m.media-amazon.com\/images\/S\/aplus-media-library-service-media\/a7dd402c-9742-4b17-b0fd-2b9118dea7f4.__CR0,0,1464,625_PT0_SX1464_V1___.jpg\"><img decoding=\"async\" alt=\"Der Text lautet \u201eSCH\u00d6NE DECO F\u00dcR IHR ZUHAUSE\u201c. Innenszene, die einen lichtdurchfluteten Wohnraum mit M\u00f6beln, Zimmerpflanzen und Boxen zeigt, der auf einen bewegten oder dekorativen Kontext hindeutet.\" src=\"https:\/\/m.media-amazon.com\/images\/S\/aplus-media-library-service-media\/a7dd402c-9742-4b17-b0fd-2b9118dea7f4.__CR0,0,1464,625_PT0_SX1464_V1___.jpg\">  <\/p>\n<p>                                              <img decoding=\"async\" alt=\"Der Text lautet \u201eDIE VERL\u00c4SSLICHE MARKE\u201c. Reihe einfacher schwarzer Icon-Designs, die den Kundenservice und die Produktmerkmale zeigen.\" src=\"https:\/\/images-na.ssl-images-amazon.com\/images\/G\/01\/x-locale\/common\/grey-pixel.gif\" class=\"a-lazy-loaded\" data-src=\"https:\/\/m.media-amazon.com\/images\/S\/aplus-media-library-service-media\/360b0743-edec-48bc-bb21-979fcc218b4d.__CR0,0,362,453_PT0_SX362_V1___.jpg\"><img decoding=\"async\" alt=\"Der Text lautet \u201eDIE VERL\u00c4SSLICHE MARKE\u201c. Reihe einfacher schwarzer Icon-Designs, die den Kundenservice und die Produktmerkmale zeigen.\" src=\"https:\/\/m.media-amazon.com\/images\/S\/aplus-media-library-service-media\/360b0743-edec-48bc-bb21-979fcc218b4d.__CR0,0,362,453_PT0_SX362_V1___.jpg\">  <\/p>\n<h3> PLISSEE <\/h3>\n<h3> DOPPELROLLO <\/h3>\n<h3> VERDUNKLUNGSROLLO <\/h3>\n<h3> WABENPLISSEE <\/h3>\n<h3> PLISSEE VERDUNKLUNG <\/h3>\n<p>                                              <img decoding=\"async\" alt=\"aplus content image\" src=\"https:\/\/images-na.ssl-images-amazon.com\/images\/G\/01\/x-locale\/common\/grey-pixel.gif\" class=\"a-lazy-loaded\" data-src=\"https:\/\/m.media-amazon.com\/images\/S\/aplus-media-library-service-media\/0804b9c1-62d6-486a-8a38-9d431d66a671.__CR0,0,362,453_PT0_SX362_V1___.jpg\"><img decoding=\"async\" alt=\"aplus content image\" src=\"https:\/\/m.media-amazon.com\/images\/S\/aplus-media-library-service-media\/0804b9c1-62d6-486a-8a38-9d431d66a671.__CR0,0,362,453_PT0_SX362_V1___.jpg\">  <\/p>\n<p>\u3010Sch\u00f6nes und Langlebiges Design\u3011: Dank der doppelten schnurbefestigung und der Aluminium-Schiene ist das Plissee haltbarer und ist nicht leicht verbogen. Da sich die Position der Schnurbefestigung bei Breiten\u00e4nderungen nicht ver\u00e4ndert, ist das Plisseerollo mehr sch\u00f6ner<br \/>\u3010 Lichtdurchl\u00e4ssig aber Blickdicht\u3011: Die Jalousie ist nicht transparent aber nicht ganz verdunkelnd und bietet Ihnen optimalen Sichtschutz und Blendschutz durch den blickdichten gekreppten Plisseestoff.Sie k\u00f6nnen Griff nach oben und unten ziehen, um Fl\u00e4che von Sichtschutz ein zu stellen<br \/>\u3010Kein Bohren-einfache Klemmen\u3011: Dieses Plisseerollo bringen Sie ganz einfach und unkompliziert mit den verstellbaren Klemmtr\u00e4gern am Fensterfl\u00fcgel an. Die Klemmtr\u00e4ger flexibel sind einstellbar&#8211;im Rahmen einer Fensterfl\u00fcgelbreite von 10 mm bis 23 mm.Es m\u00fcssen keine L\u00f6cher gebohrt werden und es braucht auch kein weiteres Werkzeug,sowie hinterlassen Sie keine bleibenden Spuren an den Fenstern.Ideal f\u00fcr Mietwohnungen und f\u00fcr kurzfristige L\u00f6sungen<br \/>\u3010Zwei Schritte&#8211;Richtige Messung des Rollos\u3011: Bitte Messen Sie Glasbreite beim Kauf. Bestellbreite=Glasbreite+ ca.2-4cm (um eine besserer Blockierungseffekt zu erzielen.), Bestellh\u00f6he = H\u00f6he des gesamten Fensterrahmens. Zum Beispiel: Zur einen 51cm breite Fensterglas ist dann die Bestellbreite 51cm + 2cm+2cm = 55cm. Bitte achten Sie auf \ud835\udc0d\ud835\udc22\ud835\udc1c\ud835\udc21\ud835\udc2d \u00dcberschreiten Fenstergriff bei der Messung, sonst es wird bei der Bewegungen des Rollos st\u00f6ren<br \/>\u3010Einfache Bedienung und Hinweis\u3011: Das klemmrollo kann per Griffen direkt am Fenster hoch und unter geschoben werden. Damit k\u00f6nnen Sie einfach das Rollo auf die gew\u00fcnschte H\u00f6he einstellen. Klemmfix Plissee geeignet \ud835\udc0d\ud835\udc22\ud835\udc1c\ud835\udc21\ud835\udc2d f\u00fcr Dachfenster,Holzfenstern, Schiebefenster.Es gibt Farbkontrast von Plissee in Anthrazit unter verschiedenen Lichtquellen.Unter Sonnelicht sehen Plisseerollos in Anthazit eher braun aus<br \/>\n<br \/><\/p>\n","protected":false},"excerpt":{"rendered":"<p>Preis: Preis Stand Von der Marke PLISSEE DOPPELROLLO VERDUNKLUNGSROLLO WABENPLISSEE PLISSEE VERDUNKLUNG \u3010Sch\u00f6nes und Langlebiges Design\u3011: Dank der doppelten schnurbefestigung und der Aluminium-Schiene ist das Plissee haltbarer und ist nicht leicht verbogen. Da sich die Position der Schnurbefestigung bei Breiten\u00e4nderungen nicht ver\u00e4ndert, ist das Plisseerollo mehr sch\u00f6ner\u3010 Lichtdurchl\u00e4ssig aber Blickdicht\u3011: Die Jalousie ist nicht transparent [&hellip;]<\/p>\n","protected":false},"featured_media":38822,"comment_status":"open","ping_status":"closed","template":"","meta":{"_gspb_post_css":""},"store":[],"product_brand":[],"product_cat":[],"product_tag":[],"class_list":{"0":"post-38821","1":"product","2":"type-product","3":"status-publish","4":"has-post-thumbnail","7":"first","8":"instock","9":"sale","10":"shipping-taxable","11":"product-type-external"},"_links":{"self":[{"href":"https:\/\/dealpilot.info\/index.php?rest_route=\/wp\/v2\/product\/38821","targetHints":{"allow":["GET"]}}],"collection":[{"href":"https:\/\/dealpilot.info\/index.php?rest_route=\/wp\/v2\/product"}],"about":[{"href":"https:\/\/dealpilot.info\/index.php?rest_route=\/wp\/v2\/types\/product"}],"replies":[{"embeddable":true,"href":"https:\/\/dealpilot.info\/index.php?rest_route=%2Fwp%2Fv2%2Fcomments&post=38821"}],"wp:featuredmedia":[{"embeddable":true,"href":"https:\/\/dealpilot.info\/index.php?rest_route=\/wp\/v2\/media\/38822"}],"wp:attachment":[{"href":"https:\/\/dealpilot.info\/index.php?rest_route=%2Fwp%2Fv2%2Fmedia&parent=38821"}],"wp:term":[{"taxonomy":"store","embeddable":true,"href":"https:\/\/dealpilot.info\/index.php?rest_route=%2Fwp%2Fv2%2Fstore&post=38821"},{"taxonomy":"product_brand","embeddable":true,"href":"https:\/\/dealpilot.info\/index.php?rest_route=%2Fwp%2Fv2%2Fproduct_brand&post=38821"},{"taxonomy":"product_cat","embeddable":true,"href":"https:\/\/dealpilot.info\/index.php?rest_route=%2Fwp%2Fv2%2Fproduct_cat&post=38821"},{"taxonomy":"product_tag","embeddable":true,"href":"https:\/\/dealpilot.info\/index.php?rest_route=%2Fwp%2Fv2%2Fproduct_tag&post=38821"}],"curies":[{"name":"wp","href":"https:\/\/api.w.org\/{rel}","templated":true}]}}