{"id":38791,"date":"2026-05-02T01:11:23","date_gmt":"2026-05-02T01:11:23","guid":{"rendered":"https:\/\/dealpilot.info\/?product=american-tourister-soundbox-mini-kinderkoffer-47x32x21cm"},"modified":"2026-05-02T01:11:25","modified_gmt":"2026-05-02T01:11:25","slug":"american-tourister-soundbox-mini-kinderkoffer-47x32x21cm","status":"publish","type":"product","link":"https:\/\/dealpilot.info\/?product=american-tourister-soundbox-mini-kinderkoffer-47x32x21cm","title":{"rendered":"American Tourister Soundbox Mini -Kinderkoffer 47x32x21cm,"},"content":{"rendered":"<p><br \/>\nPreis: <span style=\"color:#b12704\"><del>99,95\u20ac<\/del> - 73,89\u20ac<\/span><br \/><i><small>Preis Stand May 02, 2026 01:11:24 UTC<br \/>\n<br \/>\n    <span>Wir stellen unsere neue Reisekollektion f\u00fcr 2-6-J\u00e4hrige vor: die bezaubernde Soundbox Mini Kollektion. Diese Kollektion wurde als perfekter Reisebegleiter f\u00fcr die Kleinsten entwickelt und ist ideal f\u00fcr kleine Wochenendausfl\u00fcge zu den Gro\u00dfeltern oder Freunden sowie f\u00fcr gr\u00f6\u00dfere Urlaubsabenteuer. Eines der herausragenden Merkmale dieser Kollektion ist ihre Langlebigkeit. Das hochwertige Polypropylen garantiert eine lange Lebensdauer und Widerstandsf\u00e4higkeit und macht sie zu einer zuverl\u00e4ssigen Wahl f\u00fcr jede Reise. Inspiriert durch das ikonische und zeitlose Design des gr\u00f6\u00dferen Bruders Soundbox, verbindet diese Kollektion Stil mit Funktionalit\u00e4t. Die Innenausstattung besteht aus Recyclex\u2122-Stoffen und ist somit eine nachhaltige und umweltfreundliche Wahl. Soundbox Mini ist in einer Reihe von leuchtenden Farben erh\u00e4ltlich, darunter drei (schwarz, korallenrot, gelb), die auf Soundbox abgestimmt sind, so dass diese Kollektion gro\u00dfartige M\u00f6glichkeiten f\u00fcr Mini &#038; Me-Kombinationen bietet. Dar\u00fcber hinaus bietet die Oberseite der vorderen Schale eine Plattform zur Personalisierung, auf der Kinder Sticker oder ihre Namensinitialen hinzuf\u00fcgen k\u00f6nnen, was eine pers\u00f6nliche und spielerische Note verleiht.<\/span>    <br \/>Dieser American Tourister Trolley ist perfekt f\u00fcr den Urlaub oder das Wochenende bei den Gro\u00dfeltern geeignet. Im Hauptfach kommen alle Habseligkeiten sicher unter. Zudem \u00fcberzeugt dieser Trolley durch minimales Gewicht. Mit diesem Trolley wird Ihr Kind gerne auf Reisen gehen. Ma\u00dfe: 32 x 47 x 20 cm<br \/>\n<br \/><\/p>\n","protected":false},"excerpt":{"rendered":"<p>Preis: Preis Stand Wir stellen unsere neue Reisekollektion f\u00fcr 2-6-J\u00e4hrige vor: die bezaubernde Soundbox Mini Kollektion. Diese Kollektion wurde als perfekter Reisebegleiter f\u00fcr die Kleinsten entwickelt und ist ideal f\u00fcr kleine Wochenendausfl\u00fcge zu den Gro\u00dfeltern oder Freunden sowie f\u00fcr gr\u00f6\u00dfere Urlaubsabenteuer. Eines der herausragenden Merkmale dieser Kollektion ist ihre Langlebigkeit. Das hochwertige Polypropylen garantiert eine [&hellip;]<\/p>\n","protected":false},"featured_media":38792,"comment_status":"open","ping_status":"closed","template":"","meta":{"_gspb_post_css":""},"store":[],"product_brand":[],"product_cat":[],"product_tag":[],"class_list":{"0":"post-38791","1":"product","2":"type-product","3":"status-publish","4":"has-post-thumbnail","7":"first","8":"instock","9":"sale","10":"shipping-taxable","11":"product-type-external"},"_links":{"self":[{"href":"https:\/\/dealpilot.info\/index.php?rest_route=\/wp\/v2\/product\/38791","targetHints":{"allow":["GET"]}}],"collection":[{"href":"https:\/\/dealpilot.info\/index.php?rest_route=\/wp\/v2\/product"}],"about":[{"href":"https:\/\/dealpilot.info\/index.php?rest_route=\/wp\/v2\/types\/product"}],"replies":[{"embeddable":true,"href":"https:\/\/dealpilot.info\/index.php?rest_route=%2Fwp%2Fv2%2Fcomments&post=38791"}],"wp:featuredmedia":[{"embeddable":true,"href":"https:\/\/dealpilot.info\/index.php?rest_route=\/wp\/v2\/media\/38792"}],"wp:attachment":[{"href":"https:\/\/dealpilot.info\/index.php?rest_route=%2Fwp%2Fv2%2Fmedia&parent=38791"}],"wp:term":[{"taxonomy":"store","embeddable":true,"href":"https:\/\/dealpilot.info\/index.php?rest_route=%2Fwp%2Fv2%2Fstore&post=38791"},{"taxonomy":"product_brand","embeddable":true,"href":"https:\/\/dealpilot.info\/index.php?rest_route=%2Fwp%2Fv2%2Fproduct_brand&post=38791"},{"taxonomy":"product_cat","embeddable":true,"href":"https:\/\/dealpilot.info\/index.php?rest_route=%2Fwp%2Fv2%2Fproduct_cat&post=38791"},{"taxonomy":"product_tag","embeddable":true,"href":"https:\/\/dealpilot.info\/index.php?rest_route=%2Fwp%2Fv2%2Fproduct_tag&post=38791"}],"curies":[{"name":"wp","href":"https:\/\/api.w.org\/{rel}","templated":true}]}}