{"id":37015,"date":"2026-04-16T10:18:33","date_gmt":"2026-04-16T10:18:33","guid":{"rendered":"https:\/\/dealpilot.info\/?product=utopia-bedding-spannbettlaken-90x200cm-schwarz-geburstete-polyester-mikrofaser"},"modified":"2026-04-16T10:18:35","modified_gmt":"2026-04-16T10:18:35","slug":"utopia-bedding-spannbettlaken-90x200cm-schwarz-geburstete-polyester-mikrofaser","status":"publish","type":"product","link":"https:\/\/dealpilot.info\/?product=utopia-bedding-spannbettlaken-90x200cm-schwarz-geburstete-polyester-mikrofaser","title":{"rendered":"Utopia Bedding &#8211; Spannbettlaken 90x200cm &#8211; Schwarz &#8211; Geb\u00fcrstete Polyester-Mikrofaser"},"content":{"rendered":"<p><br \/>\nPreis: <span style=\"color:#b12704\"><del>12,99\u20ac<\/del> - 8,57\u20ac<\/span><br \/><i><small>Preis Stand Apr 16, 2026 10:18:35 UTC<br \/>\n<\/p>\n<p>                                             Produktinformation   <\/p>\n<p>                                                                                                       <img decoding=\"async\" alt=\"Bettgestell aus Holz mit schlafender Person unter brauner Bettw\u00e4sche. Die oben sichtbaren Aufschriften \u201eSPANNBETTTUCH\u201c und \u201eGEB\u00dcRSTETE MIKROFASER\u201c weisen auf ein Spannbetttuch aus geb\u00fcrsteter Mikrofaser hin\" src=\"https:\/\/images-na.ssl-images-amazon.com\/images\/G\/01\/x-locale\/common\/grey-pixel.gif\" class=\"a-lazy-loaded\" data-src=\"https:\/\/m.media-amazon.com\/images\/S\/aplus-media-library-service-media\/0137d791-abd9-4c34-90c3-db6aa34a421c.__CR0,0,1464,600_PT0_SX1464_V1___.jpg\"><img decoding=\"async\" alt=\"Bettgestell aus Holz mit schlafender Person unter brauner Bettw\u00e4sche. Die oben sichtbaren Aufschriften \u201eSPANNBETTTUCH\u201c und \u201eGEB\u00dcRSTETE MIKROFASER\u201c weisen auf ein Spannbetttuch aus geb\u00fcrsteter Mikrofaser hin\" src=\"https:\/\/m.media-amazon.com\/images\/S\/aplus-media-library-service-media\/0137d791-abd9-4c34-90c3-db6aa34a421c.__CR0,0,1464,600_PT0_SX1464_V1___.jpg\">                                               <\/p>\n<p>                                                                                                       <img decoding=\"async\" alt=\"Person, die auf einer schwarzen Matratze oder Bettdecke liegt und in ein Buch schreibt. Unten finden Sie vier Symbole, die die Merkmale der Matratze repr\u00e4sentieren: Druckentlastung, Komfort, Atmungsaktivit\u00e4t und Oberfl\u00e4chenstruktur\" src=\"https:\/\/images-na.ssl-images-amazon.com\/images\/G\/01\/x-locale\/common\/grey-pixel.gif\" class=\"a-lazy-loaded\" data-src=\"https:\/\/m.media-amazon.com\/images\/S\/aplus-media-library-service-media\/30aebc9e-39a8-42c8-9b5a-601d38ebe48d.__CR0,0,1464,600_PT0_SX1464_V1___.jpg\"><img decoding=\"async\" alt=\"Person, die auf einer schwarzen Matratze oder Bettdecke liegt und in ein Buch schreibt. Unten finden Sie vier Symbole, die die Merkmale der Matratze repr\u00e4sentieren: Druckentlastung, Komfort, Atmungsaktivit\u00e4t und Oberfl\u00e4chenstruktur\" src=\"https:\/\/m.media-amazon.com\/images\/S\/aplus-media-library-service-media\/30aebc9e-39a8-42c8-9b5a-601d38ebe48d.__CR0,0,1464,600_PT0_SX1464_V1___.jpg\">                                               <\/p>\n<p>                                                                                                       <img decoding=\"async\" alt=\"Schwarze Spannbetttuch-Ecke mit elastischem Rand Der Text zeigt \u201eVerf\u00fcgbare Gr\u00f6\u00dfen\u201c (Verf\u00fcgbare Gr\u00f6\u00dfen) mit Symbolen f\u00fcr die Matratzengr\u00f6\u00dfe. OEKO-TEX-Etikett sichtbar\" src=\"https:\/\/images-na.ssl-images-amazon.com\/images\/G\/01\/x-locale\/common\/grey-pixel.gif\" class=\"a-lazy-loaded\" data-src=\"https:\/\/m.media-amazon.com\/images\/S\/aplus-media-library-service-media\/762b7cec-e0cc-450b-b316-2512fe99e260.__CR0,0,1464,600_PT0_SX1464_V1___.jpg\"><img decoding=\"async\" alt=\"Schwarze Spannbetttuch-Ecke mit elastischem Rand Der Text zeigt \u201eVerf\u00fcgbare Gr\u00f6\u00dfen\u201c (Verf\u00fcgbare Gr\u00f6\u00dfen) mit Symbolen f\u00fcr die Matratzengr\u00f6\u00dfe. OEKO-TEX-Etikett sichtbar\" src=\"https:\/\/m.media-amazon.com\/images\/S\/aplus-media-library-service-media\/762b7cec-e0cc-450b-b316-2512fe99e260.__CR0,0,1464,600_PT0_SX1464_V1___.jpg\">                                               <\/p>\n<p>                                                                                                       <img decoding=\"async\" alt=\"Schwarzer strukturierter Notizbuch- oder Planerdeckel neben schematischen Diagrammen, die verschiedene Seitenlayoutoptionen mit gepunkteten Linien und Datumsr\u00e4umen zeigen\" src=\"https:\/\/images-na.ssl-images-amazon.com\/images\/G\/01\/x-locale\/common\/grey-pixel.gif\" class=\"a-lazy-loaded\" data-src=\"https:\/\/m.media-amazon.com\/images\/S\/aplus-media-library-service-media\/599218fe-bcd7-4b6c-a96e-cd583adc7d3f.__CR0,0,1464,600_PT0_SX1464_V1___.jpg\"><img decoding=\"async\" alt=\"Schwarzer strukturierter Notizbuch- oder Planerdeckel neben schematischen Diagrammen, die verschiedene Seitenlayoutoptionen mit gepunkteten Linien und Datumsr\u00e4umen zeigen\" src=\"https:\/\/m.media-amazon.com\/images\/S\/aplus-media-library-service-media\/599218fe-bcd7-4b6c-a96e-cd583adc7d3f.__CR0,0,1464,600_PT0_SX1464_V1___.jpg\">                                               <\/p>\n<p>                                                                                  <img decoding=\"async\" alt=\"Bettgestellecke mit einer schwarzen Matratze auf einer hellen Holzplattform. Die H\u00f6he der Matratze betr\u00e4gt 35 cm. Nachttisch im Hintergrund sichtbar\" src=\"https:\/\/m.media-amazon.com\/images\/S\/aplus-media-library-service-media\/de62451b-0377-44fb-ac4c-6c1df6bcc5c2.__CR0,0,1464,600_PT0_SX1464_V1___.jpg\">       <\/p>\n<p>                                                                                  <img decoding=\"async\" alt=\"Bettgestell aus Holz mit schwarzer Matratze, wei\u00dfem Nachttisch und Lampe in einem minimalistischen Schlafzimmerambiente. Text in Deutsch auf der rechten Seite des Bildes sichtbar\" src=\"https:\/\/m.media-amazon.com\/images\/S\/aplus-media-library-service-media\/8abc8100-8b49-48e6-a35c-d11731f3168e.__CR0,0,1464,600_PT0_SX1464_V1___.jpg\">       <\/p>\n<p>                                                                                  <img decoding=\"async\" alt=\"spannbettlaken 160x200cm, bettlaken 90x200cm, bettlaken 140x200, spannbettlaken 180x200cm\" src=\"https:\/\/m.media-amazon.com\/images\/S\/aplus-media-library-service-media\/3335a704-c277-46f8-a704-a7f1b60eff83.__CR0,0,1464,600_PT0_SX1464_V1___.jpg\">       <\/p>\n<p>                                                                                                       <img decoding=\"async\" alt=\"Gestapelte bunte Schaumstoffmatratzen oder Kissen in Pastellt\u00f6nen. Eine Farbpalette zeigt 16 Stoffmuster. Text auf Deutsch schl\u00e4gt vor, den perfekten Farbton\" src=\"https:\/\/images-na.ssl-images-amazon.com\/images\/G\/01\/x-locale\/common\/grey-pixel.gif\" class=\"a-lazy-loaded\" data-src=\"https:\/\/m.media-amazon.com\/images\/S\/aplus-media-library-service-media\/00601188-8f91-4c84-a7ac-d5f359c6ed7d.__CR0,0,1464,600_PT0_SX1464_V1___.jpg\"><img decoding=\"async\" alt=\"Gestapelte bunte Schaumstoffmatratzen oder Kissen in Pastellt\u00f6nen. Eine Farbpalette zeigt 16 Stoffmuster. Text auf Deutsch schl\u00e4gt vor, den perfekten Farbton\" src=\"https:\/\/m.media-amazon.com\/images\/S\/aplus-media-library-service-media\/00601188-8f91-4c84-a7ac-d5f359c6ed7d.__CR0,0,1464,600_PT0_SX1464_V1___.jpg\">                                               <\/p>\n<p>                                                                                                       <img decoding=\"async\" alt=\"Pflegehinweise auf Deutsch mit vier Symbolen: kalt in der Maschine waschen, auf niedriger Stufe im Trockner trocknen, bei niedriger Temperatur b\u00fcgeln und nicht bleichen\" src=\"https:\/\/images-na.ssl-images-amazon.com\/images\/G\/01\/x-locale\/common\/grey-pixel.gif\" class=\"a-lazy-loaded\" data-src=\"https:\/\/m.media-amazon.com\/images\/S\/aplus-media-library-service-media\/22b693ff-dc74-4ec6-b0c6-03757e021926.__CR0,0,1464,600_PT0_SX1464_V1___.jpg\"><img decoding=\"async\" alt=\"Pflegehinweise auf Deutsch mit vier Symbolen: kalt in der Maschine waschen, auf niedriger Stufe im Trockner trocknen, bei niedriger Temperatur b\u00fcgeln und nicht bleichen\" src=\"https:\/\/m.media-amazon.com\/images\/S\/aplus-media-library-service-media\/22b693ff-dc74-4ec6-b0c6-03757e021926.__CR0,0,1464,600_PT0_SX1464_V1___.jpg\">                                               <\/p>\n<p>Spannbettlaken \u2013 Enth\u00e4lt 1 Utopia Bedding Spannbettlaken 90 x 200 cm mit 35 cm tiefen Taschen.<br \/>Bettlaken Aus Geb\u00fcrsteter Polyester-Mikrofaser &#8211; Dieses luxuri\u00f6se Spannbetttuch 90 x 200 cm besteht aus geb\u00fcrstetem Mikrofasergewebe, das das Spannbetttuch au\u00dfergew\u00f6hnlich weich, geschmeidig und bequem macht und Sie im Winter warm und im Sommer k\u00fchl h\u00e4lt.<br \/>Rundumelastischkeit &#8211; Das Spannbetttuch passt sich dank seiner Rundum-Elastizit\u00e4t leicht an die Matratze an und verleiht dem Bett ein sch\u00f6nes beenden<br \/>Schrumpf- Und Lichtbest\u00e4ndig &#8211; Das Mikrofasermaterial wird so verarbeitet, dass es schrumpf- und lichtbest\u00e4ndig ist, was zur Langlebigkeit des Stoffs beitr\u00e4gt<br \/>Pflegefreundlich &#8211; Kalt in der Maschine waschen, nicht bleichen, bei geringer Hitze im Trockner trocknen und bei geringer Hitze b\u00fcgeln.<br \/>OEKO-TEX-zertifiziert und hautfreundlich \u2013 Sanft, sicher und angenehm f\u00fcr jeden Hauttyp, erf\u00fcllt h\u00f6chste Sicherheitsstandards.<br \/>\n<br \/><\/p>\n","protected":false},"excerpt":{"rendered":"<p>Preis: Preis Stand Produktinformation Spannbettlaken \u2013 Enth\u00e4lt 1 Utopia Bedding Spannbettlaken 90 x 200 cm mit 35 cm tiefen Taschen.Bettlaken Aus Geb\u00fcrsteter Polyester-Mikrofaser &#8211; Dieses luxuri\u00f6se Spannbetttuch 90 x 200 cm besteht aus geb\u00fcrstetem Mikrofasergewebe, das das Spannbetttuch au\u00dfergew\u00f6hnlich weich, geschmeidig und bequem macht und Sie im Winter warm und im Sommer k\u00fchl h\u00e4lt.Rundumelastischkeit &#8211; [&hellip;]<\/p>\n","protected":false},"featured_media":37016,"comment_status":"open","ping_status":"closed","template":"","meta":{"_gspb_post_css":""},"store":[],"product_brand":[],"product_cat":[],"product_tag":[],"class_list":{"0":"post-37015","1":"product","2":"type-product","3":"status-publish","4":"has-post-thumbnail","7":"first","8":"instock","9":"sale","10":"shipping-taxable","11":"product-type-external"},"_links":{"self":[{"href":"https:\/\/dealpilot.info\/index.php?rest_route=\/wp\/v2\/product\/37015","targetHints":{"allow":["GET"]}}],"collection":[{"href":"https:\/\/dealpilot.info\/index.php?rest_route=\/wp\/v2\/product"}],"about":[{"href":"https:\/\/dealpilot.info\/index.php?rest_route=\/wp\/v2\/types\/product"}],"replies":[{"embeddable":true,"href":"https:\/\/dealpilot.info\/index.php?rest_route=%2Fwp%2Fv2%2Fcomments&post=37015"}],"wp:featuredmedia":[{"embeddable":true,"href":"https:\/\/dealpilot.info\/index.php?rest_route=\/wp\/v2\/media\/37016"}],"wp:attachment":[{"href":"https:\/\/dealpilot.info\/index.php?rest_route=%2Fwp%2Fv2%2Fmedia&parent=37015"}],"wp:term":[{"taxonomy":"store","embeddable":true,"href":"https:\/\/dealpilot.info\/index.php?rest_route=%2Fwp%2Fv2%2Fstore&post=37015"},{"taxonomy":"product_brand","embeddable":true,"href":"https:\/\/dealpilot.info\/index.php?rest_route=%2Fwp%2Fv2%2Fproduct_brand&post=37015"},{"taxonomy":"product_cat","embeddable":true,"href":"https:\/\/dealpilot.info\/index.php?rest_route=%2Fwp%2Fv2%2Fproduct_cat&post=37015"},{"taxonomy":"product_tag","embeddable":true,"href":"https:\/\/dealpilot.info\/index.php?rest_route=%2Fwp%2Fv2%2Fproduct_tag&post=37015"}],"curies":[{"name":"wp","href":"https:\/\/api.w.org\/{rel}","templated":true}]}}