{"id":37009,"date":"2026-04-16T09:35:46","date_gmt":"2026-04-16T09:35:46","guid":{"rendered":"https:\/\/dealpilot.info\/?product=utopia-bedding-spannbettlaken-90x200cm-marineblau-geburstete-polyester-mikrofaser"},"modified":"2026-04-16T09:35:48","modified_gmt":"2026-04-16T09:35:48","slug":"utopia-bedding-spannbettlaken-90x200cm-marineblau-geburstete-polyester-mikrofaser","status":"publish","type":"product","link":"https:\/\/dealpilot.info\/?product=utopia-bedding-spannbettlaken-90x200cm-marineblau-geburstete-polyester-mikrofaser","title":{"rendered":"Utopia Bedding &#8211; Spannbettlaken 90x200cm &#8211; Marineblau &#8211; Geb\u00fcrstete Polyester-Mikrofaser"},"content":{"rendered":"<p><br \/>\nPreis: <span style=\"color:#b12704\"><del>13,49\u20ac<\/del> - 7,64\u20ac<\/span><br \/><i><small>Preis Stand Apr 16, 2026 09:35:48 UTC<br \/>\n<\/p>\n<p>                                             Produktinformation   <\/p>\n<p>                                                                                                       <img decoding=\"async\" alt=\"Bettgestell aus Holz mit heller Bettw\u00e4sche und Kissen. Der obige Text auf Deutsch lautet \u201eSPANNBETTTUCH GEB\u00dcRSTETE MIKROFASER\u201c, was auf ein Spannbetttuch aus geb\u00fcrsteter Mikrofaser hinweist\" src=\"https:\/\/images-na.ssl-images-amazon.com\/images\/G\/01\/x-locale\/common\/grey-pixel.gif\" class=\"a-lazy-loaded\" data-src=\"https:\/\/m.media-amazon.com\/images\/S\/aplus-media-library-service-media\/d57e1c67-552d-4c90-ae32-004d5a46e835.__CR0,0,1464,600_PT0_SX1464_V1___.jpg\"><img decoding=\"async\" alt=\"Bettgestell aus Holz mit heller Bettw\u00e4sche und Kissen. Der obige Text auf Deutsch lautet \u201eSPANNBETTTUCH GEB\u00dcRSTETE MIKROFASER\u201c, was auf ein Spannbetttuch aus geb\u00fcrsteter Mikrofaser hinweist\" src=\"https:\/\/m.media-amazon.com\/images\/S\/aplus-media-library-service-media\/d57e1c67-552d-4c90-ae32-004d5a46e835.__CR0,0,1464,600_PT0_SX1464_V1___.jpg\">                                               <\/p>\n<p>                                                                                                       <img decoding=\"async\" alt=\"Marineblaue, strukturierte Bettw\u00e4sche mit einer Person, die in ein Buch schreibt. Die folgenden vier Symbole zeigen die Produktmerkmale: maschinenwaschbar, wolkensanfter Komfort, licht- und luftdurchl\u00e4ssige und ultraglatte\" src=\"https:\/\/images-na.ssl-images-amazon.com\/images\/G\/01\/x-locale\/common\/grey-pixel.gif\" class=\"a-lazy-loaded\" data-src=\"https:\/\/m.media-amazon.com\/images\/S\/aplus-media-library-service-media\/859df7b4-c92a-4950-bb5c-764d23f8c242.__CR0,0,1464,600_PT0_SX1464_V1___.jpg\"><img decoding=\"async\" alt=\"Marineblaue, strukturierte Bettw\u00e4sche mit einer Person, die in ein Buch schreibt. Die folgenden vier Symbole zeigen die Produktmerkmale: maschinenwaschbar, wolkensanfter Komfort, licht- und luftdurchl\u00e4ssige und ultraglatte\" src=\"https:\/\/m.media-amazon.com\/images\/S\/aplus-media-library-service-media\/859df7b4-c92a-4950-bb5c-764d23f8c242.__CR0,0,1464,600_PT0_SX1464_V1___.jpg\">                                               <\/p>\n<p>                                                                                                       <img decoding=\"async\" alt=\"Dunkelblaue Spannbetttuch-Ecke mit elastischem Rand Der Text zeigt \u201eVerf\u00fcgbare Gr\u00f6\u00dfen\u201c (Verf\u00fcgbare Gr\u00f6\u00dfen) mit Symbolen f\u00fcr verschiedene Matratzenma\u00dfe\" src=\"https:\/\/images-na.ssl-images-amazon.com\/images\/G\/01\/x-locale\/common\/grey-pixel.gif\" class=\"a-lazy-loaded\" data-src=\"https:\/\/m.media-amazon.com\/images\/S\/aplus-media-library-service-media\/bb8805cd-9f33-49ff-b500-0eba771d7c81.__CR0,0,1464,600_PT0_SX1464_V1___.jpg\"><img decoding=\"async\" alt=\"Dunkelblaue Spannbetttuch-Ecke mit elastischem Rand Der Text zeigt \u201eVerf\u00fcgbare Gr\u00f6\u00dfen\u201c (Verf\u00fcgbare Gr\u00f6\u00dfen) mit Symbolen f\u00fcr verschiedene Matratzenma\u00dfe\" src=\"https:\/\/m.media-amazon.com\/images\/S\/aplus-media-library-service-media\/bb8805cd-9f33-49ff-b500-0eba771d7c81.__CR0,0,1464,600_PT0_SX1464_V1___.jpg\">                                               <\/p>\n<p>                                                                                                       <img decoding=\"async\" alt=\"Dunkelblaues Stoffmuster neben Diagrammen der Matratzengr\u00f6\u00dfen. Die Diagramme zeigen die Umrisse von neun verschiedenen Matratzenma\u00dfen mit Beschriftungen, die von klein bis gro\u00df reichen\" src=\"https:\/\/images-na.ssl-images-amazon.com\/images\/G\/01\/x-locale\/common\/grey-pixel.gif\" class=\"a-lazy-loaded\" data-src=\"https:\/\/m.media-amazon.com\/images\/S\/aplus-media-library-service-media\/f525bf99-98bb-48b7-b2ee-90c85604379b.__CR0,0,1464,600_PT0_SX1464_V1___.jpg\"><img decoding=\"async\" alt=\"Dunkelblaues Stoffmuster neben Diagrammen der Matratzengr\u00f6\u00dfen. Die Diagramme zeigen die Umrisse von neun verschiedenen Matratzenma\u00dfen mit Beschriftungen, die von klein bis gro\u00df reichen\" src=\"https:\/\/m.media-amazon.com\/images\/S\/aplus-media-library-service-media\/f525bf99-98bb-48b7-b2ee-90c85604379b.__CR0,0,1464,600_PT0_SX1464_V1___.jpg\">                                               <\/p>\n<p>                                                                                  <img decoding=\"async\" alt=\"Nahaufnahme eines marineblauen Spannbetttuchs auf einem h\u00f6lzernen Bettrahmen. Die Tiefe des Bettlakens ist mit 35 cm angegeben. Im Hintergrund ist ein Nachttisch sichtbar\" src=\"https:\/\/m.media-amazon.com\/images\/S\/aplus-media-library-service-media\/7ce3d422-f594-4c9c-8493-e69a60c1b7ba.__CR0,0,1464,600_PT0_SX1464_V1___.jpg\">       <\/p>\n<p>                                                                                  <img decoding=\"async\" alt=\"Bettgestell aus Holz mit marineblauem Spannbetttuch oder Matratzenbezug. Nachttisch mit Lampe neben dem Bett. Text auf Deutsch in der oberen rechten Ecke sichtbar\" src=\"https:\/\/m.media-amazon.com\/images\/S\/aplus-media-library-service-media\/5a01e034-dd86-47cc-93c9-fed5f2934072.__CR0,0,1464,600_PT0_SX1464_V1___.jpg\">       <\/p>\n<p>                                                                                  <img decoding=\"async\" alt=\"spannbettlaken 160x200cm, bettlaken 90x200cm, bettlaken 140x200, spannbettlaken 180x200cm\" src=\"https:\/\/m.media-amazon.com\/images\/S\/aplus-media-library-service-media\/67d365cb-4402-4432-8bea-1d95fee99f43.__CR0,0,1464,600_PT0_SX1464_V1___.jpg\">       <\/p>\n<p>                                                                                                       <img decoding=\"async\" alt=\"Gestapelte bunte Schaumstoffmatratzen oder Kissen in Pastellt\u00f6nen. Eine Farbpalette zeigt 16 Stoffmuster. Text auf Deutsch schl\u00e4gt vor, den perfekten Farbton\" src=\"https:\/\/images-na.ssl-images-amazon.com\/images\/G\/01\/x-locale\/common\/grey-pixel.gif\" class=\"a-lazy-loaded\" data-src=\"https:\/\/m.media-amazon.com\/images\/S\/aplus-media-library-service-media\/00601188-8f91-4c84-a7ac-d5f359c6ed7d.__CR0,0,1464,600_PT0_SX1464_V1___.jpg\"><img decoding=\"async\" alt=\"Gestapelte bunte Schaumstoffmatratzen oder Kissen in Pastellt\u00f6nen. Eine Farbpalette zeigt 16 Stoffmuster. Text auf Deutsch schl\u00e4gt vor, den perfekten Farbton\" src=\"https:\/\/m.media-amazon.com\/images\/S\/aplus-media-library-service-media\/00601188-8f91-4c84-a7ac-d5f359c6ed7d.__CR0,0,1464,600_PT0_SX1464_V1___.jpg\">                                               <\/p>\n<p>                                                                                                       <img decoding=\"async\" alt=\"Pflegehinweise auf Deutsch mit vier Symbolen: kalt in der Maschine waschen, auf niedriger Stufe im Trockner trocknen, bei niedriger Temperatur b\u00fcgeln und nicht bleichen\" src=\"https:\/\/images-na.ssl-images-amazon.com\/images\/G\/01\/x-locale\/common\/grey-pixel.gif\" class=\"a-lazy-loaded\" data-src=\"https:\/\/m.media-amazon.com\/images\/S\/aplus-media-library-service-media\/22b693ff-dc74-4ec6-b0c6-03757e021926.__CR0,0,1464,600_PT0_SX1464_V1___.jpg\"><img decoding=\"async\" alt=\"Pflegehinweise auf Deutsch mit vier Symbolen: kalt in der Maschine waschen, auf niedriger Stufe im Trockner trocknen, bei niedriger Temperatur b\u00fcgeln und nicht bleichen\" src=\"https:\/\/m.media-amazon.com\/images\/S\/aplus-media-library-service-media\/22b693ff-dc74-4ec6-b0c6-03757e021926.__CR0,0,1464,600_PT0_SX1464_V1___.jpg\">                                               <\/p>\n<p>Spannbettlaken \u2013 Enth\u00e4lt 1 Utopia Bedding Spannbettlaken 90 x 200 cm mit 35 cm tiefen Taschen.<br \/>Bettlaken Aus Geb\u00fcrsteter Polyester-Mikrofaser &#8211; Dieses luxuri\u00f6se Spannbetttuch 90 x 200 cm besteht aus geb\u00fcrstetem Mikrofasergewebe, das das Spannbetttuch au\u00dfergew\u00f6hnlich weich, geschmeidig und bequem macht und Sie im Winter warm und im Sommer k\u00fchl h\u00e4lt.<br \/>Rundumelastischkeit &#8211; Das Spannbetttuch passt sich dank seiner Rundum-Elastizit\u00e4t leicht an die Matratze an und verleiht dem Bett ein sch\u00f6nes beenden<br \/>Schrumpf- Und Lichtbest\u00e4ndig &#8211; Das Mikrofasermaterial wird so verarbeitet, dass es schrumpf- und lichtbest\u00e4ndig ist, was zur Langlebigkeit des Stoffs beitr\u00e4gt<br \/>Pflegefreundlich &#8211; Kalt in der Maschine waschen, nicht bleichen, bei geringer Hitze im Trockner trocknen und bei geringer Hitze b\u00fcgeln.<br \/>OEKO-TEX-zertifiziert und hautfreundlich \u2013 Sanft, sicher und angenehm f\u00fcr jeden Hauttyp, erf\u00fcllt h\u00f6chste Sicherheitsstandards.<br \/>\n<br \/><\/p>\n","protected":false},"excerpt":{"rendered":"<p>Preis: Preis Stand Produktinformation Spannbettlaken \u2013 Enth\u00e4lt 1 Utopia Bedding Spannbettlaken 90 x 200 cm mit 35 cm tiefen Taschen.Bettlaken Aus Geb\u00fcrsteter Polyester-Mikrofaser &#8211; Dieses luxuri\u00f6se Spannbetttuch 90 x 200 cm besteht aus geb\u00fcrstetem Mikrofasergewebe, das das Spannbetttuch au\u00dfergew\u00f6hnlich weich, geschmeidig und bequem macht und Sie im Winter warm und im Sommer k\u00fchl h\u00e4lt.Rundumelastischkeit &#8211; [&hellip;]<\/p>\n","protected":false},"featured_media":37010,"comment_status":"open","ping_status":"closed","template":"","meta":{"_gspb_post_css":""},"store":[],"product_brand":[],"product_cat":[],"product_tag":[],"class_list":{"0":"post-37009","1":"product","2":"type-product","3":"status-publish","4":"has-post-thumbnail","7":"first","8":"instock","9":"sale","10":"shipping-taxable","11":"product-type-external"},"_links":{"self":[{"href":"https:\/\/dealpilot.info\/index.php?rest_route=\/wp\/v2\/product\/37009","targetHints":{"allow":["GET"]}}],"collection":[{"href":"https:\/\/dealpilot.info\/index.php?rest_route=\/wp\/v2\/product"}],"about":[{"href":"https:\/\/dealpilot.info\/index.php?rest_route=\/wp\/v2\/types\/product"}],"replies":[{"embeddable":true,"href":"https:\/\/dealpilot.info\/index.php?rest_route=%2Fwp%2Fv2%2Fcomments&post=37009"}],"wp:featuredmedia":[{"embeddable":true,"href":"https:\/\/dealpilot.info\/index.php?rest_route=\/wp\/v2\/media\/37010"}],"wp:attachment":[{"href":"https:\/\/dealpilot.info\/index.php?rest_route=%2Fwp%2Fv2%2Fmedia&parent=37009"}],"wp:term":[{"taxonomy":"store","embeddable":true,"href":"https:\/\/dealpilot.info\/index.php?rest_route=%2Fwp%2Fv2%2Fstore&post=37009"},{"taxonomy":"product_brand","embeddable":true,"href":"https:\/\/dealpilot.info\/index.php?rest_route=%2Fwp%2Fv2%2Fproduct_brand&post=37009"},{"taxonomy":"product_cat","embeddable":true,"href":"https:\/\/dealpilot.info\/index.php?rest_route=%2Fwp%2Fv2%2Fproduct_cat&post=37009"},{"taxonomy":"product_tag","embeddable":true,"href":"https:\/\/dealpilot.info\/index.php?rest_route=%2Fwp%2Fv2%2Fproduct_tag&post=37009"}],"curies":[{"name":"wp","href":"https:\/\/api.w.org\/{rel}","templated":true}]}}