{"id":37007,"date":"2026-04-16T09:21:33","date_gmt":"2026-04-16T09:21:33","guid":{"rendered":"https:\/\/dealpilot.info\/?product=utopia-bedding-spannbettlaken-90x200cm-lila-geburstete-polyester-mikrofaser"},"modified":"2026-04-16T09:21:35","modified_gmt":"2026-04-16T09:21:35","slug":"utopia-bedding-spannbettlaken-90x200cm-lila-geburstete-polyester-mikrofaser","status":"publish","type":"product","link":"https:\/\/dealpilot.info\/?product=utopia-bedding-spannbettlaken-90x200cm-lila-geburstete-polyester-mikrofaser","title":{"rendered":"Utopia Bedding &#8211; Spannbettlaken 90x200cm &#8211; Lila &#8211; Geb\u00fcrstete Polyester-Mikrofaser"},"content":{"rendered":"<p><br \/>\nPreis: <span style=\"color:#b12704\"><del>14,99\u20ac<\/del> - 9,20\u20ac<\/span><br \/><i><small>Preis Stand Apr 16, 2026 09:21:35 UTC<br \/>\n<\/p>\n<p>                                             Produktinformation   <\/p>\n<p>                                                                                                       <img decoding=\"async\" alt=\"Bettgestell aus Holz mit schlafender Person unter brauner Bettw\u00e4sche. Die oben sichtbaren Aufschriften \u201eSPANNBETTTUCH\u201c und \u201eGEB\u00dcRSTETE MIKROFASER\u201c weisen auf ein Spannbetttuch aus geb\u00fcrsteter Mikrofaser hin\" src=\"https:\/\/images-na.ssl-images-amazon.com\/images\/G\/01\/x-locale\/common\/grey-pixel.gif\" class=\"a-lazy-loaded\" data-src=\"https:\/\/m.media-amazon.com\/images\/S\/aplus-media-library-service-media\/7b534392-4816-4860-a6a9-45878ef7f469.__CR0,0,1464,600_PT0_SX1464_V1___.jpg\"><img decoding=\"async\" alt=\"Bettgestell aus Holz mit schlafender Person unter brauner Bettw\u00e4sche. Die oben sichtbaren Aufschriften \u201eSPANNBETTTUCH\u201c und \u201eGEB\u00dcRSTETE MIKROFASER\u201c weisen auf ein Spannbetttuch aus geb\u00fcrsteter Mikrofaser hin\" src=\"https:\/\/m.media-amazon.com\/images\/S\/aplus-media-library-service-media\/7b534392-4816-4860-a6a9-45878ef7f469.__CR0,0,1464,600_PT0_SX1464_V1___.jpg\">                                               <\/p>\n<p>                                                                                                       <img decoding=\"async\" alt=\"Lilafarbenes Bettlaken auf der Matratze mit liegender Person und lesender Person. Vier Symbole unten zeigen die Produktmerkmale: verbesserte Atmungsaktivit\u00e4t, ausgewogener Tragekomfort, leicht und luftig sowie ultrafeine Oberfl\u00e4che\" src=\"https:\/\/images-na.ssl-images-amazon.com\/images\/G\/01\/x-locale\/common\/grey-pixel.gif\" class=\"a-lazy-loaded\" data-src=\"https:\/\/m.media-amazon.com\/images\/S\/aplus-media-library-service-media\/49cdba99-cd9b-4b1e-867e-9015e646994d.__CR0,0,1464,600_PT0_SX1464_V1___.jpg\"><img decoding=\"async\" alt=\"Lilafarbenes Bettlaken auf der Matratze mit liegender Person und lesender Person. Vier Symbole unten zeigen die Produktmerkmale: verbesserte Atmungsaktivit\u00e4t, ausgewogener Tragekomfort, leicht und luftig sowie ultrafeine Oberfl\u00e4che\" src=\"https:\/\/m.media-amazon.com\/images\/S\/aplus-media-library-service-media\/49cdba99-cd9b-4b1e-867e-9015e646994d.__CR0,0,1464,600_PT0_SX1464_V1___.jpg\">                                               <\/p>\n<p>                                                                                                       <img decoding=\"async\" alt=\"spannbettlaken 160x200cm, bettlaken 90x200cm, bettlaken 140x200, spannbettlaken 180x200cm\" src=\"https:\/\/images-na.ssl-images-amazon.com\/images\/G\/01\/x-locale\/common\/grey-pixel.gif\" class=\"a-lazy-loaded\" data-src=\"https:\/\/m.media-amazon.com\/images\/S\/aplus-media-library-service-media\/87bdcd92-b89e-4efd-90fa-dd1c82f11960.__CR0,0,1464,600_PT0_SX1464_V1___.jpg\"><img decoding=\"async\" alt=\"spannbettlaken 160x200cm, bettlaken 90x200cm, bettlaken 140x200, spannbettlaken 180x200cm\" src=\"https:\/\/m.media-amazon.com\/images\/S\/aplus-media-library-service-media\/87bdcd92-b89e-4efd-90fa-dd1c82f11960.__CR0,0,1464,600_PT0_SX1464_V1___.jpg\">                                               <\/p>\n<p>                                                                                                       <img decoding=\"async\" alt=\"Das lila Stoffmuster neben der Gr\u00f6\u00dfentabelle der Matratze zeigt verschiedene Bettma\u00dfe von Twin bis California King\" src=\"https:\/\/images-na.ssl-images-amazon.com\/images\/G\/01\/x-locale\/common\/grey-pixel.gif\" class=\"a-lazy-loaded\" data-src=\"https:\/\/m.media-amazon.com\/images\/S\/aplus-media-library-service-media\/f8cac38c-161d-4afe-94de-2580f9b99179.__CR0,0,1464,600_PT0_SX1464_V1___.jpg\"><img decoding=\"async\" alt=\"Das lila Stoffmuster neben der Gr\u00f6\u00dfentabelle der Matratze zeigt verschiedene Bettma\u00dfe von Twin bis California King\" src=\"https:\/\/m.media-amazon.com\/images\/S\/aplus-media-library-service-media\/f8cac38c-161d-4afe-94de-2580f9b99179.__CR0,0,1464,600_PT0_SX1464_V1___.jpg\">                                               <\/p>\n<p>                                                                                  <img decoding=\"async\" alt=\"Violettes Spannbetttuch auf Holzbettrahmen Das Bettlaken ist 35 cm hoch. Nachttisch im Hintergrund sichtbar. Symbole weisen darauf hin, dass sich das Blatt leicht auflegen und entfernen\" src=\"https:\/\/m.media-amazon.com\/images\/S\/aplus-media-library-service-media\/1f2cbadc-97c7-4d53-b466-a7f65c481f99.__CR0,0,1464,600_PT0_SX1464_V1___.jpg\">       <\/p>\n<p>                                                                                  <img decoding=\"async\" alt=\"spannbettlaken 160x200cm, bettlaken 90x200cm, bettlaken 140x200, spannbettlaken 180x200cm\" src=\"https:\/\/m.media-amazon.com\/images\/S\/aplus-media-library-service-media\/b2e85eeb-6866-4b9e-85bb-f794763209b6.__CR0,0,1464,600_PT0_SX1464_V1___.jpg\">       <\/p>\n<p>                                                                                  <img decoding=\"async\" alt=\"spannbettlaken 160x200cm, bettlaken 90x200cm, bettlaken 140x200, spannbettlaken 180x200cm\" src=\"https:\/\/m.media-amazon.com\/images\/S\/aplus-media-library-service-media\/9b5a1d7c-c956-476a-a801-a5c87dcd51ad.__CR0,0,1464,600_PT0_SX1464_V1___.jpg\">       <\/p>\n<p>                                                                                                       <img decoding=\"async\" alt=\"spannbettlaken 160x200cm, bettlaken 90x200cm, bettlaken 140x200, spannbettlaken 180x200cm\" src=\"https:\/\/images-na.ssl-images-amazon.com\/images\/G\/01\/x-locale\/common\/grey-pixel.gif\" class=\"a-lazy-loaded\" data-src=\"https:\/\/m.media-amazon.com\/images\/S\/aplus-media-library-service-media\/5c1b5432-9949-4487-884f-efc670d67da3.__CR0,0,1464,600_PT0_SX1464_V1___.jpg\"><img decoding=\"async\" alt=\"spannbettlaken 160x200cm, bettlaken 90x200cm, bettlaken 140x200, spannbettlaken 180x200cm\" src=\"https:\/\/m.media-amazon.com\/images\/S\/aplus-media-library-service-media\/5c1b5432-9949-4487-884f-efc670d67da3.__CR0,0,1464,600_PT0_SX1464_V1___.jpg\">                                               <\/p>\n<p>                                                                                                       <img decoding=\"async\" alt=\"Pflegehinweise auf Deutsch mit vier Symbolen: kalt in der Maschine waschen, auf niedriger Stufe im Trockner trocknen, bei niedriger Temperatur b\u00fcgeln und nicht bleichen\" src=\"https:\/\/images-na.ssl-images-amazon.com\/images\/G\/01\/x-locale\/common\/grey-pixel.gif\" class=\"a-lazy-loaded\" data-src=\"https:\/\/m.media-amazon.com\/images\/S\/aplus-media-library-service-media\/22b693ff-dc74-4ec6-b0c6-03757e021926.__CR0,0,1464,600_PT0_SX1464_V1___.jpg\"><img decoding=\"async\" alt=\"Pflegehinweise auf Deutsch mit vier Symbolen: kalt in der Maschine waschen, auf niedriger Stufe im Trockner trocknen, bei niedriger Temperatur b\u00fcgeln und nicht bleichen\" src=\"https:\/\/m.media-amazon.com\/images\/S\/aplus-media-library-service-media\/22b693ff-dc74-4ec6-b0c6-03757e021926.__CR0,0,1464,600_PT0_SX1464_V1___.jpg\">                                               <\/p>\n<p>Spannbettlaken \u2013 Enth\u00e4lt 1 Utopia Bedding Spannbettlaken 90 x 200 cm mit 35 cm tiefen Taschen.<br \/>Bettlaken Aus Geb\u00fcrsteter Polyester-Mikrofaser &#8211; Dieses luxuri\u00f6se Spannbetttuch 90 x 200 cm besteht aus geb\u00fcrstetem Mikrofasergewebe, das das Spannbetttuch au\u00dfergew\u00f6hnlich weich, geschmeidig und bequem macht und Sie im Winter warm und im Sommer k\u00fchl h\u00e4lt.<br \/>Rundumelastischkeit &#8211; Das Spannbetttuch passt sich dank seiner Rundum-Elastizit\u00e4t leicht an die Matratze an und verleiht dem Bett ein sch\u00f6nes beenden<br \/>Schrumpf- Und Lichtbest\u00e4ndig &#8211; Das Mikrofasermaterial wird so verarbeitet, dass es schrumpf- und lichtbest\u00e4ndig ist, was zur Langlebigkeit des Stoffs beitr\u00e4gt<br \/>Pflegefreundlich &#8211; Kalt in der Maschine waschen, nicht bleichen, bei geringer Hitze im Trockner trocknen und bei geringer Hitze b\u00fcgeln.<br \/>OEKO-TEX-zertifiziert und hautfreundlich \u2013 Sanft, sicher und angenehm f\u00fcr jeden Hauttyp, erf\u00fcllt h\u00f6chste Sicherheitsstandards.<br \/>\n<br \/><\/p>\n","protected":false},"excerpt":{"rendered":"<p>Preis: Preis Stand Produktinformation Spannbettlaken \u2013 Enth\u00e4lt 1 Utopia Bedding Spannbettlaken 90 x 200 cm mit 35 cm tiefen Taschen.Bettlaken Aus Geb\u00fcrsteter Polyester-Mikrofaser &#8211; Dieses luxuri\u00f6se Spannbetttuch 90 x 200 cm besteht aus geb\u00fcrstetem Mikrofasergewebe, das das Spannbetttuch au\u00dfergew\u00f6hnlich weich, geschmeidig und bequem macht und Sie im Winter warm und im Sommer k\u00fchl h\u00e4lt.Rundumelastischkeit &#8211; [&hellip;]<\/p>\n","protected":false},"featured_media":37008,"comment_status":"open","ping_status":"closed","template":"","meta":{"_gspb_post_css":""},"store":[],"product_brand":[],"product_cat":[],"product_tag":[],"class_list":{"0":"post-37007","1":"product","2":"type-product","3":"status-publish","4":"has-post-thumbnail","7":"first","8":"instock","9":"sale","10":"shipping-taxable","11":"product-type-external"},"_links":{"self":[{"href":"https:\/\/dealpilot.info\/index.php?rest_route=\/wp\/v2\/product\/37007","targetHints":{"allow":["GET"]}}],"collection":[{"href":"https:\/\/dealpilot.info\/index.php?rest_route=\/wp\/v2\/product"}],"about":[{"href":"https:\/\/dealpilot.info\/index.php?rest_route=\/wp\/v2\/types\/product"}],"replies":[{"embeddable":true,"href":"https:\/\/dealpilot.info\/index.php?rest_route=%2Fwp%2Fv2%2Fcomments&post=37007"}],"wp:featuredmedia":[{"embeddable":true,"href":"https:\/\/dealpilot.info\/index.php?rest_route=\/wp\/v2\/media\/37008"}],"wp:attachment":[{"href":"https:\/\/dealpilot.info\/index.php?rest_route=%2Fwp%2Fv2%2Fmedia&parent=37007"}],"wp:term":[{"taxonomy":"store","embeddable":true,"href":"https:\/\/dealpilot.info\/index.php?rest_route=%2Fwp%2Fv2%2Fstore&post=37007"},{"taxonomy":"product_brand","embeddable":true,"href":"https:\/\/dealpilot.info\/index.php?rest_route=%2Fwp%2Fv2%2Fproduct_brand&post=37007"},{"taxonomy":"product_cat","embeddable":true,"href":"https:\/\/dealpilot.info\/index.php?rest_route=%2Fwp%2Fv2%2Fproduct_cat&post=37007"},{"taxonomy":"product_tag","embeddable":true,"href":"https:\/\/dealpilot.info\/index.php?rest_route=%2Fwp%2Fv2%2Fproduct_tag&post=37007"}],"curies":[{"name":"wp","href":"https:\/\/api.w.org\/{rel}","templated":true}]}}