{"id":37001,"date":"2026-04-16T08:41:47","date_gmt":"2026-04-16T08:41:47","guid":{"rendered":"https:\/\/dealpilot.info\/?product=utopia-bedding-spannbettlaken-90x200cm-burgunderrot-geburstete-polyester-mikrofaser"},"modified":"2026-04-16T08:41:49","modified_gmt":"2026-04-16T08:41:49","slug":"utopia-bedding-spannbettlaken-90x200cm-burgunderrot-geburstete-polyester-mikrofaser","status":"publish","type":"product","link":"https:\/\/dealpilot.info\/?product=utopia-bedding-spannbettlaken-90x200cm-burgunderrot-geburstete-polyester-mikrofaser","title":{"rendered":"Utopia Bedding &#8211; Spannbettlaken 90x200cm &#8211; Burgunderrot &#8211; Geb\u00fcrstete Polyester-Mikrofaser"},"content":{"rendered":"<p><br \/>\nPreis: <span style=\"color:#b12704\"><del>13,99\u20ac<\/del> - 9,91\u20ac<\/span><br \/><i><small>Preis Stand Apr 16, 2026 08:41:49 UTC<br \/>\n<\/p>\n<p>                                             Produktinformation   <\/p>\n<p>                                                                                                       <img decoding=\"async\" alt=\"Bettgestell aus Holz mit Spannbetttuch Der Text oben lautet \u201eSPANNBETTTUCH\u201c und \u201eGEB\u00dcRSTETE MIKROFASER\u201c, was darauf hinweist, dass es sich um ein Spannbetttuch aus geb\u00fcrsteter Mikrofaser\" src=\"https:\/\/images-na.ssl-images-amazon.com\/images\/G\/01\/x-locale\/common\/grey-pixel.gif\" class=\"a-lazy-loaded\" data-src=\"https:\/\/m.media-amazon.com\/images\/S\/aplus-media-library-service-media\/8263055d-3e1f-48b8-952a-3c7afac61a7d.__CR0,0,1464,600_PT0_SX1464_V1___.jpg\"><img decoding=\"async\" alt=\"Bettgestell aus Holz mit Spannbetttuch Der Text oben lautet \u201eSPANNBETTTUCH\u201c und \u201eGEB\u00dcRSTETE MIKROFASER\u201c, was darauf hinweist, dass es sich um ein Spannbetttuch aus geb\u00fcrsteter Mikrofaser\" src=\"https:\/\/m.media-amazon.com\/images\/S\/aplus-media-library-service-media\/8263055d-3e1f-48b8-952a-3c7afac61a7d.__CR0,0,1464,600_PT0_SX1464_V1___.jpg\">                                               <\/p>\n<p>                                                                                                       <img decoding=\"async\" alt=\"Kastanienbrauner Stoff mit vier Symbolen unten, die f\u00fcr Produktmerkmale stehen: multifunktionale Form, Gehkomfort, leicht und strapazierf\u00e4hig sowie ultraflache N\u00e4hte. Person, die auf Stoff schreibt, ist im Hintergrund sichtbar\" src=\"https:\/\/images-na.ssl-images-amazon.com\/images\/G\/01\/x-locale\/common\/grey-pixel.gif\" class=\"a-lazy-loaded\" data-src=\"https:\/\/m.media-amazon.com\/images\/S\/aplus-media-library-service-media\/c4858bcc-d355-4999-9106-84ea7a5d31cd.__CR0,0,1464,600_PT0_SX1464_V1___.jpg\"><img decoding=\"async\" alt=\"Kastanienbrauner Stoff mit vier Symbolen unten, die f\u00fcr Produktmerkmale stehen: multifunktionale Form, Gehkomfort, leicht und strapazierf\u00e4hig sowie ultraflache N\u00e4hte. Person, die auf Stoff schreibt, ist im Hintergrund sichtbar\" src=\"https:\/\/m.media-amazon.com\/images\/S\/aplus-media-library-service-media\/c4858bcc-d355-4999-9106-84ea7a5d31cd.__CR0,0,1464,600_PT0_SX1464_V1___.jpg\">                                               <\/p>\n<p>                                                                                                       <img decoding=\"async\" alt=\"Ecke f\u00fcr Spannbetttuch in Kastanienbraun mit elastischem Rand Die Gr\u00f6\u00dfentabelle zeigt die verf\u00fcgbaren Matratzenma\u00dfe in Zentimetern. Gr\u00fcnes und wei\u00dfes Logo in der oberen linken Ecke.\" src=\"https:\/\/images-na.ssl-images-amazon.com\/images\/G\/01\/x-locale\/common\/grey-pixel.gif\" class=\"a-lazy-loaded\" data-src=\"https:\/\/m.media-amazon.com\/images\/S\/aplus-media-library-service-media\/0b986797-652a-4bb5-8a85-8fb72f5ebc89.__CR0,0,1464,600_PT0_SX1464_V1___.jpg\"><img decoding=\"async\" alt=\"Ecke f\u00fcr Spannbetttuch in Kastanienbraun mit elastischem Rand Die Gr\u00f6\u00dfentabelle zeigt die verf\u00fcgbaren Matratzenma\u00dfe in Zentimetern. Gr\u00fcnes und wei\u00dfes Logo in der oberen linken Ecke.\" src=\"https:\/\/m.media-amazon.com\/images\/S\/aplus-media-library-service-media\/0b986797-652a-4bb5-8a85-8fb72f5ebc89.__CR0,0,1464,600_PT0_SX1464_V1___.jpg\">                                               <\/p>\n<p>                                                                                                       <img decoding=\"async\" alt=\"Das kastanienbraune Stoffmuster neben der Bett-Gr\u00f6\u00dfentabelle zeigt verschiedene Matratzenma\u00dfe. Die Tabelle enth\u00e4lt die Gr\u00f6\u00dfen Twin, Full, Queen, King und California King mit den jeweiligen\" src=\"https:\/\/images-na.ssl-images-amazon.com\/images\/G\/01\/x-locale\/common\/grey-pixel.gif\" class=\"a-lazy-loaded\" data-src=\"https:\/\/m.media-amazon.com\/images\/S\/aplus-media-library-service-media\/861bbbe4-0f34-43b1-8176-54e7466542ce.__CR0,0,1464,600_PT0_SX1464_V1___.jpg\"><img decoding=\"async\" alt=\"Das kastanienbraune Stoffmuster neben der Bett-Gr\u00f6\u00dfentabelle zeigt verschiedene Matratzenma\u00dfe. Die Tabelle enth\u00e4lt die Gr\u00f6\u00dfen Twin, Full, Queen, King und California King mit den jeweiligen\" src=\"https:\/\/m.media-amazon.com\/images\/S\/aplus-media-library-service-media\/861bbbe4-0f34-43b1-8176-54e7466542ce.__CR0,0,1464,600_PT0_SX1464_V1___.jpg\">                                               <\/p>\n<p>                                                                                  <img decoding=\"async\" alt=\"Tiefrotes Spannbetttuch auf einem Bettgestell aus Holz. Die Tiefe des Bettlakens betr\u00e4gt 35 cm. Nachttisch neben dem Bett sichtbar. Das Bild zeigt die Tiefe und Passform des Produkts\" src=\"https:\/\/m.media-amazon.com\/images\/S\/aplus-media-library-service-media\/5bfcf468-8103-4a21-bc33-f9812719442f.__CR0,0,1464,600_PT0_SX1464_V1___.jpg\">       <\/p>\n<p>                                                                                  <img decoding=\"async\" alt=\"Bettgestell aus Holz mit schlichtem Kopfteil und kastanienbraunem Spannbetttuch. Wei\u00dfer Nachttisch mit Lampe neben dem Bett. Text in Deutsch sichtbar\" src=\"https:\/\/m.media-amazon.com\/images\/S\/aplus-media-library-service-media\/12673c26-a99d-4a5c-8487-8a773cf99f94.__CR0,0,1464,600_PT0_SX1464_V1___.jpg\">       <\/p>\n<p>                                                                                  <img decoding=\"async\" alt=\"spannbettlaken 160x200cm, bettlaken 90x200cm, bettlaken 140x200, spannbettlaken 180x200cm\" src=\"https:\/\/m.media-amazon.com\/images\/S\/aplus-media-library-service-media\/6be61f38-39b1-48ee-a97e-e5f3c483cf41.__CR0,0,1464,600_PT0_SX1464_V1___.jpg\">       <\/p>\n<p>                                                                                                       <img decoding=\"async\" alt=\"Gestapelte bunte Schaumstoffmatratzen oder Kissen in Pastellt\u00f6nen. Eine Farbpalette zeigt 16 Stoffmuster. Text auf Deutsch schl\u00e4gt vor, den perfekten Farbton\" src=\"https:\/\/images-na.ssl-images-amazon.com\/images\/G\/01\/x-locale\/common\/grey-pixel.gif\" class=\"a-lazy-loaded\" data-src=\"https:\/\/m.media-amazon.com\/images\/S\/aplus-media-library-service-media\/00601188-8f91-4c84-a7ac-d5f359c6ed7d.__CR0,0,1464,600_PT0_SX1464_V1___.jpg\"><img decoding=\"async\" alt=\"Gestapelte bunte Schaumstoffmatratzen oder Kissen in Pastellt\u00f6nen. Eine Farbpalette zeigt 16 Stoffmuster. Text auf Deutsch schl\u00e4gt vor, den perfekten Farbton\" src=\"https:\/\/m.media-amazon.com\/images\/S\/aplus-media-library-service-media\/00601188-8f91-4c84-a7ac-d5f359c6ed7d.__CR0,0,1464,600_PT0_SX1464_V1___.jpg\">                                               <\/p>\n<p>                                                                                                       <img decoding=\"async\" alt=\"Pflegehinweise auf Deutsch mit vier Symbolen: kalt in der Maschine waschen, auf niedriger Stufe im Trockner trocknen, bei niedriger Temperatur b\u00fcgeln und nicht bleichen\" src=\"https:\/\/images-na.ssl-images-amazon.com\/images\/G\/01\/x-locale\/common\/grey-pixel.gif\" class=\"a-lazy-loaded\" data-src=\"https:\/\/m.media-amazon.com\/images\/S\/aplus-media-library-service-media\/22b693ff-dc74-4ec6-b0c6-03757e021926.__CR0,0,1464,600_PT0_SX1464_V1___.jpg\"><img decoding=\"async\" alt=\"Pflegehinweise auf Deutsch mit vier Symbolen: kalt in der Maschine waschen, auf niedriger Stufe im Trockner trocknen, bei niedriger Temperatur b\u00fcgeln und nicht bleichen\" src=\"https:\/\/m.media-amazon.com\/images\/S\/aplus-media-library-service-media\/22b693ff-dc74-4ec6-b0c6-03757e021926.__CR0,0,1464,600_PT0_SX1464_V1___.jpg\">                                               <\/p>\n<p>Spannbettlaken \u2013 Enth\u00e4lt 1 Utopia Bedding Spannbettlaken 90 x 200 cm mit 35 cm tiefen Taschen.<br \/>Bettlaken Aus Geb\u00fcrsteter Polyester-Mikrofaser &#8211; Dieses luxuri\u00f6se Spannbetttuch 90 x 200 cm besteht aus geb\u00fcrstetem Mikrofasergewebe, das das Spannbetttuch au\u00dfergew\u00f6hnlich weich, geschmeidig und bequem macht und Sie im Winter warm und im Sommer k\u00fchl h\u00e4lt.<br \/>Rundumelastischkeit &#8211; Das Spannbetttuch passt sich dank seiner Rundum-Elastizit\u00e4t leicht an die Matratze an und verleiht dem Bett ein sch\u00f6nes beenden<br \/>Schrumpf- Und Lichtbest\u00e4ndig &#8211; Das Mikrofasermaterial wird so verarbeitet, dass es schrumpf- und lichtbest\u00e4ndig ist, was zur Langlebigkeit des Stoffs beitr\u00e4gt<br \/>Pflegefreundlich &#8211; Kalt in der Maschine waschen, nicht bleichen, bei geringer Hitze im Trockner trocknen und bei geringer Hitze b\u00fcgeln.<br \/>OEKO-TEX-zertifiziert und hautfreundlich \u2013 Sanft, sicher und angenehm f\u00fcr jeden Hauttyp, erf\u00fcllt h\u00f6chste Sicherheitsstandards.<br \/>\n<br \/><\/p>\n","protected":false},"excerpt":{"rendered":"<p>Preis: Preis Stand Produktinformation Spannbettlaken \u2013 Enth\u00e4lt 1 Utopia Bedding Spannbettlaken 90 x 200 cm mit 35 cm tiefen Taschen.Bettlaken Aus Geb\u00fcrsteter Polyester-Mikrofaser &#8211; Dieses luxuri\u00f6se Spannbetttuch 90 x 200 cm besteht aus geb\u00fcrstetem Mikrofasergewebe, das das Spannbetttuch au\u00dfergew\u00f6hnlich weich, geschmeidig und bequem macht und Sie im Winter warm und im Sommer k\u00fchl h\u00e4lt.Rundumelastischkeit &#8211; [&hellip;]<\/p>\n","protected":false},"featured_media":37002,"comment_status":"open","ping_status":"closed","template":"","meta":{"_gspb_post_css":""},"store":[],"product_brand":[],"product_cat":[],"product_tag":[],"class_list":{"0":"post-37001","1":"product","2":"type-product","3":"status-publish","4":"has-post-thumbnail","7":"first","8":"instock","9":"sale","10":"shipping-taxable","11":"product-type-external"},"_links":{"self":[{"href":"https:\/\/dealpilot.info\/index.php?rest_route=\/wp\/v2\/product\/37001","targetHints":{"allow":["GET"]}}],"collection":[{"href":"https:\/\/dealpilot.info\/index.php?rest_route=\/wp\/v2\/product"}],"about":[{"href":"https:\/\/dealpilot.info\/index.php?rest_route=\/wp\/v2\/types\/product"}],"replies":[{"embeddable":true,"href":"https:\/\/dealpilot.info\/index.php?rest_route=%2Fwp%2Fv2%2Fcomments&post=37001"}],"wp:featuredmedia":[{"embeddable":true,"href":"https:\/\/dealpilot.info\/index.php?rest_route=\/wp\/v2\/media\/37002"}],"wp:attachment":[{"href":"https:\/\/dealpilot.info\/index.php?rest_route=%2Fwp%2Fv2%2Fmedia&parent=37001"}],"wp:term":[{"taxonomy":"store","embeddable":true,"href":"https:\/\/dealpilot.info\/index.php?rest_route=%2Fwp%2Fv2%2Fstore&post=37001"},{"taxonomy":"product_brand","embeddable":true,"href":"https:\/\/dealpilot.info\/index.php?rest_route=%2Fwp%2Fv2%2Fproduct_brand&post=37001"},{"taxonomy":"product_cat","embeddable":true,"href":"https:\/\/dealpilot.info\/index.php?rest_route=%2Fwp%2Fv2%2Fproduct_cat&post=37001"},{"taxonomy":"product_tag","embeddable":true,"href":"https:\/\/dealpilot.info\/index.php?rest_route=%2Fwp%2Fv2%2Fproduct_tag&post=37001"}],"curies":[{"name":"wp","href":"https:\/\/api.w.org\/{rel}","templated":true}]}}