{"id":36999,"date":"2026-04-16T08:30:57","date_gmt":"2026-04-16T08:30:57","guid":{"rendered":"https:\/\/dealpilot.info\/?product=utopia-bedding-spannbettlaken-90x200cm-braun-geburstete-mikrofaser-spannbetttuch-35"},"modified":"2026-04-16T08:30:58","modified_gmt":"2026-04-16T08:30:58","slug":"utopia-bedding-spannbettlaken-90x200cm-braun-geburstete-mikrofaser-spannbetttuch-35","status":"publish","type":"product","link":"https:\/\/dealpilot.info\/?product=utopia-bedding-spannbettlaken-90x200cm-braun-geburstete-mikrofaser-spannbetttuch-35","title":{"rendered":"Utopia Bedding &#8211; Spannbettlaken 90x200cm &#8211; Braun &#8211; Geb\u00fcrstete Mikrofaser Spannbetttuch &#8211; 35"},"content":{"rendered":"<p><br \/>\nPreis: <span style=\"color:#b12704\"><del>11,89\u20ac<\/del> - 10,11\u20ac<\/span><br \/><i><small>Preis Stand Apr 16, 2026 08:30:58 UTC<br \/>\n<\/p>\n<p>                                             Produktinformation   <\/p>\n<p>                                                                                                       <img decoding=\"async\" alt=\"spannbettlaken 160x200cm, bettlaken 90x200cm, bettlaken 140x200, spannbettlaken 180x200cm\" src=\"https:\/\/images-na.ssl-images-amazon.com\/images\/G\/01\/x-locale\/common\/grey-pixel.gif\" class=\"a-lazy-loaded\" data-src=\"https:\/\/m.media-amazon.com\/images\/S\/aplus-media-library-service-media\/1909198e-1cba-491b-b0e0-ea92b7e7967f.__CR0,0,1464,600_PT0_SX1464_V1___.jpg\"><img decoding=\"async\" alt=\"spannbettlaken 160x200cm, bettlaken 90x200cm, bettlaken 140x200, spannbettlaken 180x200cm\" src=\"https:\/\/m.media-amazon.com\/images\/S\/aplus-media-library-service-media\/1909198e-1cba-491b-b0e0-ea92b7e7967f.__CR0,0,1464,600_PT0_SX1464_V1___.jpg\">                                               <\/p>\n<p>                                                                                                       <img decoding=\"async\" alt=\"spannbettlaken 160x200cm, bettlaken 90x200cm, bettlaken 140x200, spannbettlaken 180x200cm\" src=\"https:\/\/images-na.ssl-images-amazon.com\/images\/G\/01\/x-locale\/common\/grey-pixel.gif\" class=\"a-lazy-loaded\" data-src=\"https:\/\/m.media-amazon.com\/images\/S\/aplus-media-library-service-media\/b082cf4d-351b-43d5-94ca-d98574ce0ec4.__CR0,0,1464,600_PT0_SX1464_V1___.jpg\"><img decoding=\"async\" alt=\"spannbettlaken 160x200cm, bettlaken 90x200cm, bettlaken 140x200, spannbettlaken 180x200cm\" src=\"https:\/\/m.media-amazon.com\/images\/S\/aplus-media-library-service-media\/b082cf4d-351b-43d5-94ca-d98574ce0ec4.__CR0,0,1464,600_PT0_SX1464_V1___.jpg\">                                               <\/p>\n<p>                                                                                                       <img decoding=\"async\" alt=\"spannbettlaken 160x200cm, bettlaken 90x200cm, bettlaken 140x200, spannbettlaken 180x200cm\" src=\"https:\/\/images-na.ssl-images-amazon.com\/images\/G\/01\/x-locale\/common\/grey-pixel.gif\" class=\"a-lazy-loaded\" data-src=\"https:\/\/m.media-amazon.com\/images\/S\/aplus-media-library-service-media\/42c6275f-7073-4235-9a46-1a382263d79c.__CR0,0,1464,600_PT0_SX1464_V1___.jpg\"><img decoding=\"async\" alt=\"spannbettlaken 160x200cm, bettlaken 90x200cm, bettlaken 140x200, spannbettlaken 180x200cm\" src=\"https:\/\/m.media-amazon.com\/images\/S\/aplus-media-library-service-media\/42c6275f-7073-4235-9a46-1a382263d79c.__CR0,0,1464,600_PT0_SX1464_V1___.jpg\">                                               <\/p>\n<p>                                                                                                       <img decoding=\"async\" alt=\"spannbettlaken 160x200cm, bettlaken 90x200cm, bettlaken 140x200, spannbettlaken 180x200cm\" src=\"https:\/\/images-na.ssl-images-amazon.com\/images\/G\/01\/x-locale\/common\/grey-pixel.gif\" class=\"a-lazy-loaded\" data-src=\"https:\/\/m.media-amazon.com\/images\/S\/aplus-media-library-service-media\/fa88087c-1b10-478c-9478-ecec8ae893e8.__CR0,0,1464,600_PT0_SX1464_V1___.jpg\"><img decoding=\"async\" alt=\"spannbettlaken 160x200cm, bettlaken 90x200cm, bettlaken 140x200, spannbettlaken 180x200cm\" src=\"https:\/\/m.media-amazon.com\/images\/S\/aplus-media-library-service-media\/fa88087c-1b10-478c-9478-ecec8ae893e8.__CR0,0,1464,600_PT0_SX1464_V1___.jpg\">                                               <\/p>\n<p>                                                                                  <img decoding=\"async\" alt=\"spannbettlaken 160x200cm, bettlaken 90x200cm, bettlaken 140x200, spannbettlaken 180x200cm\" src=\"https:\/\/m.media-amazon.com\/images\/S\/aplus-media-library-service-media\/9351d6ba-c29d-42fe-9d34-cfad00f61f52.__CR0,0,1464,600_PT0_SX1464_V1___.jpg\">       <\/p>\n<p>                                                                                  <img decoding=\"async\" alt=\"spannbettlaken 160x200cm, bettlaken 90x200cm, bettlaken 140x200, spannbettlaken 180x200cm\" src=\"https:\/\/m.media-amazon.com\/images\/S\/aplus-media-library-service-media\/da08e46d-15fd-4662-88db-a14cc09bb2b5.__CR0,0,1464,600_PT0_SX1464_V1___.jpg\">       <\/p>\n<p>                                                                                  <img decoding=\"async\" alt=\"spannbettlaken 160x200cm, bettlaken 90x200cm, bettlaken 140x200, spannbettlaken 180x200cm\" src=\"https:\/\/m.media-amazon.com\/images\/S\/aplus-media-library-service-media\/9a699395-cf88-4222-aec9-1ae739589ece.__CR0,0,1464,600_PT0_SX1464_V1___.jpg\">       <\/p>\n<p>                                                                                                       <img decoding=\"async\" alt=\"spannbettlaken 160x200cm, bettlaken 90x200cm, bettlaken 140x200, spannbettlaken 180x200cm\" src=\"https:\/\/images-na.ssl-images-amazon.com\/images\/G\/01\/x-locale\/common\/grey-pixel.gif\" class=\"a-lazy-loaded\" data-src=\"https:\/\/m.media-amazon.com\/images\/S\/aplus-media-library-service-media\/00601188-8f91-4c84-a7ac-d5f359c6ed7d.__CR0,0,1464,600_PT0_SX1464_V1___.jpg\"><img decoding=\"async\" alt=\"spannbettlaken 160x200cm, bettlaken 90x200cm, bettlaken 140x200, spannbettlaken 180x200cm\" src=\"https:\/\/m.media-amazon.com\/images\/S\/aplus-media-library-service-media\/00601188-8f91-4c84-a7ac-d5f359c6ed7d.__CR0,0,1464,600_PT0_SX1464_V1___.jpg\">                                               <\/p>\n<p>                                                                                                       <img decoding=\"async\" alt=\"spannbettlaken 160x200cm, bettlaken 90x200cm, bettlaken 140x200, spannbettlaken 180x200cm\" src=\"https:\/\/images-na.ssl-images-amazon.com\/images\/G\/01\/x-locale\/common\/grey-pixel.gif\" class=\"a-lazy-loaded\" data-src=\"https:\/\/m.media-amazon.com\/images\/S\/aplus-media-library-service-media\/22b693ff-dc74-4ec6-b0c6-03757e021926.__CR0,0,1464,600_PT0_SX1464_V1___.jpg\"><img decoding=\"async\" alt=\"spannbettlaken 160x200cm, bettlaken 90x200cm, bettlaken 140x200, spannbettlaken 180x200cm\" src=\"https:\/\/m.media-amazon.com\/images\/S\/aplus-media-library-service-media\/22b693ff-dc74-4ec6-b0c6-03757e021926.__CR0,0,1464,600_PT0_SX1464_V1___.jpg\">                                               <\/p>\n<p>Spannbettlaken \u2013 Enth\u00e4lt 1 Utopia Bedding Spannbettlaken 90 x 200 cm mit 35 cm tiefen Taschen.<br \/>Bettlaken Aus Geb\u00fcrsteter Polyester-Mikrofaser &#8211; Dieses luxuri\u00f6se Spannbetttuch 90 x 200 cm besteht aus geb\u00fcrstetem Mikrofasergewebe, das das Spannbetttuch au\u00dfergew\u00f6hnlich weich, geschmeidig und bequem macht und Sie im Winter warm und im Sommer k\u00fchl h\u00e4lt.<br \/>Rundumelastischkeit &#8211; Das Spannbetttuch passt sich dank seiner Rundum-Elastizit\u00e4t leicht an die Matratze an und verleiht dem Bett ein sch\u00f6nes beenden<br \/>Schrumpf- Und Lichtbest\u00e4ndig &#8211; Das Mikrofasermaterial wird so verarbeitet, dass es schrumpf- und lichtbest\u00e4ndig ist, was zur Langlebigkeit des Stoffs beitr\u00e4gt<br \/>Pflegefreundlich &#8211; Kalt in der Maschine waschen, nicht bleichen, bei geringer Hitze im Trockner trocknen und bei geringer Hitze b\u00fcgeln.<br \/>OEKO-TEX-zertifiziert und hautfreundlich \u2013 Sanft, sicher und angenehm f\u00fcr jeden Hauttyp, erf\u00fcllt h\u00f6chste Sicherheitsstandards.<br \/>\n<br \/><\/p>\n","protected":false},"excerpt":{"rendered":"<p>Preis: Preis Stand Produktinformation Spannbettlaken \u2013 Enth\u00e4lt 1 Utopia Bedding Spannbettlaken 90 x 200 cm mit 35 cm tiefen Taschen.Bettlaken Aus Geb\u00fcrsteter Polyester-Mikrofaser &#8211; Dieses luxuri\u00f6se Spannbetttuch 90 x 200 cm besteht aus geb\u00fcrstetem Mikrofasergewebe, das das Spannbetttuch au\u00dfergew\u00f6hnlich weich, geschmeidig und bequem macht und Sie im Winter warm und im Sommer k\u00fchl h\u00e4lt.Rundumelastischkeit &#8211; [&hellip;]<\/p>\n","protected":false},"featured_media":37000,"comment_status":"open","ping_status":"closed","template":"","meta":{"_gspb_post_css":""},"store":[],"product_brand":[],"product_cat":[],"product_tag":[],"class_list":{"0":"post-36999","1":"product","2":"type-product","3":"status-publish","4":"has-post-thumbnail","7":"first","8":"instock","9":"sale","10":"shipping-taxable","11":"product-type-external"},"_links":{"self":[{"href":"https:\/\/dealpilot.info\/index.php?rest_route=\/wp\/v2\/product\/36999","targetHints":{"allow":["GET"]}}],"collection":[{"href":"https:\/\/dealpilot.info\/index.php?rest_route=\/wp\/v2\/product"}],"about":[{"href":"https:\/\/dealpilot.info\/index.php?rest_route=\/wp\/v2\/types\/product"}],"replies":[{"embeddable":true,"href":"https:\/\/dealpilot.info\/index.php?rest_route=%2Fwp%2Fv2%2Fcomments&post=36999"}],"wp:featuredmedia":[{"embeddable":true,"href":"https:\/\/dealpilot.info\/index.php?rest_route=\/wp\/v2\/media\/37000"}],"wp:attachment":[{"href":"https:\/\/dealpilot.info\/index.php?rest_route=%2Fwp%2Fv2%2Fmedia&parent=36999"}],"wp:term":[{"taxonomy":"store","embeddable":true,"href":"https:\/\/dealpilot.info\/index.php?rest_route=%2Fwp%2Fv2%2Fstore&post=36999"},{"taxonomy":"product_brand","embeddable":true,"href":"https:\/\/dealpilot.info\/index.php?rest_route=%2Fwp%2Fv2%2Fproduct_brand&post=36999"},{"taxonomy":"product_cat","embeddable":true,"href":"https:\/\/dealpilot.info\/index.php?rest_route=%2Fwp%2Fv2%2Fproduct_cat&post=36999"},{"taxonomy":"product_tag","embeddable":true,"href":"https:\/\/dealpilot.info\/index.php?rest_route=%2Fwp%2Fv2%2Fproduct_tag&post=36999"}],"curies":[{"name":"wp","href":"https:\/\/api.w.org\/{rel}","templated":true}]}}