{"id":31681,"date":"2026-02-21T01:12:58","date_gmt":"2026-02-21T01:12:58","guid":{"rendered":"https:\/\/dealpilot.info\/?product=medizinische-kompressionsstrumpfe-fur-damen-und-herren-aus-60-bio-baumwolle"},"modified":"2026-02-21T01:13:00","modified_gmt":"2026-02-21T01:13:00","slug":"medizinische-kompressionsstrumpfe-fur-damen-und-herren-aus-60-bio-baumwolle","status":"publish","type":"product","link":"https:\/\/dealpilot.info\/?product=medizinische-kompressionsstrumpfe-fur-damen-und-herren-aus-60-bio-baumwolle","title":{"rendered":"Medizinische Kompressionsstr\u00fcmpfe f\u00fcr Damen und Herren aus 60% Bio-Baumwolle"},"content":{"rendered":"<p><br \/>\nPreis: <span style=\"color:#b12704\"><del>29,90\u20ac<\/del> - 23,92\u20ac<\/span><br \/><i><small>Preis Stand Feb 21, 2026 01:13:00 UTC<br \/>\n<\/p>\n<p>                                             Von der Marke   <\/p>\n<p>                                              <img decoding=\"async\" alt=\"\" src=\"https:\/\/images-na.ssl-images-amazon.com\/images\/G\/01\/x-locale\/common\/grey-pixel.gif\" class=\"a-lazy-loaded\" data-src=\"https:\/\/m.media-amazon.com\/images\/S\/aplus-media-library-service-media\/a32e20f2-537a-48ff-81a2-552e4e261ca8.__CR1020,1039,2549,1088_PT0_SX1464_V1___.jpg\"><img decoding=\"async\" alt=\"\" src=\"https:\/\/m.media-amazon.com\/images\/S\/aplus-media-library-service-media\/a32e20f2-537a-48ff-81a2-552e4e261ca8.__CR1020,1039,2549,1088_PT0_SX1464_V1___.jpg\">  <\/p>\n<h3> Silverline <\/h3>\n<p> Medizinische Kompressionsstr\u00fcmpfe und Reisesocken <\/p>\n<p>                                              <img decoding=\"async\" alt=\"\" src=\"https:\/\/images-na.ssl-images-amazon.com\/images\/G\/01\/x-locale\/common\/grey-pixel.gif\" class=\"a-lazy-loaded\" data-src=\"https:\/\/m.media-amazon.com\/images\/S\/aplus-media-library-service-media\/d70716b8-3f33-4b39-8637-f4e03bed22a6.__CR0,133,1000,460_PT0_SX315_V1___.jpg\"><img decoding=\"async\" alt=\"\" src=\"https:\/\/m.media-amazon.com\/images\/S\/aplus-media-library-service-media\/d70716b8-3f33-4b39-8637-f4e03bed22a6.__CR0,133,1000,460_PT0_SX315_V1___.jpg\">  <\/p>\n<p> Eingebettet in die atemberaubende Landschaft der Julischen Alpen in Slowenien setzen wir auf Innovation und Praktikabilit\u00e4t, um die realen Herausforderungen zu meistern, denen sowohl Einzelpersonen als auch Gemeinschaften gegen\u00fcberstehen. Wir suchen keine Abk\u00fcrzungen. Unser Engagement f\u00fcr Qualit\u00e4t ist unersch\u00fctterlich; wir machen keine Kompromisse. <\/p>\n<h3> Silverline Kompressionssocken <\/h3>\n<p class=\"apm-brand-story-stores-link\">\n<p>                                              <img decoding=\"async\" alt=\"Pr\u00fcfengel-Zertifizierungsplakette mit der Bewertung 1,2 \u201eSEHR GUT\u201c mit Testzeitraum 08\/24\" src=\"https:\/\/images-na.ssl-images-amazon.com\/images\/G\/01\/x-locale\/common\/grey-pixel.gif\" class=\"a-lazy-loaded\" data-src=\"https:\/\/m.media-amazon.com\/images\/S\/aplus-media-library-service-media\/e433b4ae-080c-4ccf-91cc-aa1034b61568.__CR453,0,3330,4167_PT0_SX362_V1___.png\"><img decoding=\"async\" alt=\"Pr\u00fcfengel-Zertifizierungsplakette mit der Bewertung 1,2 \u201eSEHR GUT\u201c mit Testzeitraum 08\/24\" src=\"https:\/\/m.media-amazon.com\/images\/S\/aplus-media-library-service-media\/e433b4ae-080c-4ccf-91cc-aa1034b61568.__CR453,0,3330,4167_PT0_SX362_V1___.png\">  <\/p>\n<p>                                              <img decoding=\"async\" alt=\"\" src=\"https:\/\/images-na.ssl-images-amazon.com\/images\/G\/01\/x-locale\/common\/grey-pixel.gif\" class=\"a-lazy-loaded\" data-src=\"https:\/\/m.media-amazon.com\/images\/S\/aplus-media-library-service-media\/5c90b742-4e25-49d7-b32c-72a86ff643fb.__CR32,0,378,473_PT0_SX362_V1___.png\"><img decoding=\"async\" alt=\"\" src=\"https:\/\/m.media-amazon.com\/images\/S\/aplus-media-library-service-media\/5c90b742-4e25-49d7-b32c-72a86ff643fb.__CR32,0,378,473_PT0_SX362_V1___.png\">  <\/p>\n<h3> Oeko Tex &#8211; Standard 100  <\/h3>\n<p> Zertifiziert nach \u00d6ko-Tex-Standard 100 im Jahr 2023 <\/p>\n<p> 17.HSI.16450 Hohensten HTTI <\/p>\n<p>                                                         Why we love what we do?                                       <\/p>\n<p> Wir lieben was wir tun weil wir glauben dass jeder Kauf mehr als nur eine Transaktion ist sondern ein Schritt zur Entwicklung besserer Produkte. Das Engagement unserer zufriedenen Kunden best\u00e4rkt uns in unserem Tun. <\/p>\n<p>                                                         What makes our products unique?                                       <\/p>\n<p> Wir setzen alles daran, Materialien von h\u00f6chster Qualit\u00e4t zu verwenden, um erstklassige Produkte zu liefern. Wir suchen keine Abk\u00fcrzungen und unser Engagement f\u00fcr Qualit\u00e4t ist unersch\u00fctterlich. Jedes Produkt wird mit h\u00f6chster Sorgfalt und Pr\u00e4zision hergestellt, um die langfristige Zufriedenheit unserer Kunden zu gew\u00e4hrleisten.  <\/p>\n<p>                                                         Are our products high quality?                                       <\/p>\n<p> Wir stellen sicher, dass wir die besten Produkte entwickeln, indem wir uns strikt an unsere unersch\u00fctterliche Verpflichtung zur Qualit\u00e4t der benutzten Materialien halten. Au\u00dferdem nutzen wir die Empfehlungen und das Feedback unserer Kunden, um uns kontinuierlich zu verbessern und innovativ zu bleiben.  <\/p>\n<p>                                              <img decoding=\"async\" alt=\"\" src=\"https:\/\/images-na.ssl-images-amazon.com\/images\/G\/01\/x-locale\/common\/grey-pixel.gif\" class=\"a-lazy-loaded\" data-src=\"https:\/\/m.media-amazon.com\/images\/S\/aplus-media-library-service-media\/9cba5de3-4228-480a-977e-dd7d1d6b27b2.__CR565,293,3027,3788_PT0_SX362_V1___.png\"><img decoding=\"async\" alt=\"\" src=\"https:\/\/m.media-amazon.com\/images\/S\/aplus-media-library-service-media\/9cba5de3-4228-480a-977e-dd7d1d6b27b2.__CR565,293,3027,3788_PT0_SX362_V1___.png\">  <\/p>\n<p>                                              <img decoding=\"async\" alt=\"\" src=\"https:\/\/images-na.ssl-images-amazon.com\/images\/G\/01\/x-locale\/common\/grey-pixel.gif\" class=\"a-lazy-loaded\" data-src=\"https:\/\/m.media-amazon.com\/images\/S\/aplus-media-library-service-media\/ca2242e7-f7b6-4438-a4bc-4effa4f253ab.__CR46,0,362,453_PT0_SX362_V1___.jpg\"><img decoding=\"async\" alt=\"\" src=\"https:\/\/m.media-amazon.com\/images\/S\/aplus-media-library-service-media\/ca2242e7-f7b6-4438-a4bc-4effa4f253ab.__CR46,0,362,453_PT0_SX362_V1___.jpg\">  <\/p>\n<p> Hergestellt in Europa &#8211; Slowenien <\/p>\n<p> Im Angebot von Amazon.de seit                                            \u200f                                            :                                            \u200e                                            16. April 2024   <br \/> Hersteller                                            \u200f                                            :                                            \u200e                                            Silverline   <br \/> ASIN                                            \u200f                                            :                                            \u200e                                            B0D1V8HW6B   <br \/> Herstellerreferenz<br \/>\n                                            \u200f                                            :                                            \u200e                                            1   <br \/>       Amazon Bestseller-Rang:  Nr. 341 in Drogerie &#038; K\u00f6rperpflege (Siehe Top 100 in Drogerie &#038; K\u00f6rperpflege)    Nr. 1 in Medizinische Kompressionsstr\u00fcmpfe      <br \/>  Kundenrezensionen:                                                                                            4,2               4,2 von 5 Sternen                                  (1.168)                                              var dpAcrHasRegisteredArcLinkClickAction;                    P.when(&#8216;A&#8217;, &#8216;ready&#8217;).execute(function(A) {                        if (dpAcrHasRegisteredArcLinkClickAction !== true) {                            dpAcrHasRegisteredArcLinkClickAction = true;                            A.declarative(                                &#8216;acrLink-click-metrics&#8217;, &#8216;click&#8217;,                                { &#8220;allowLinkDefault&#8221;: true },                                function (event) {                                    if (window.ue) {                                        ue.count(&#8220;acrLinkClickCount&#8221;, (ue.count(&#8220;acrLinkClickCount&#8221;) || 0) + 1);                                    }                                }                            );                        }                    });                                             P.when(&#8216;A&#8217;, &#8216;cf&#8217;).execute(function(A) {                A.declarative(&#8216;acrStarsLink-click-metrics&#8217;, &#8216;click&#8217;, { &#8220;allowLinkDefault&#8221; : true },  function(event){                    if(window.ue) {                        ue.count(&#8220;acrStarsLinkWithPopoverClickCount&#8221;, (ue.count(&#8220;acrStarsLinkWithPopoverClickCount&#8221;) || 0) + 1);                    }                });            });                          <\/p>\n\n","protected":false},"excerpt":{"rendered":"<p>Preis: Preis Stand Von der Marke Silverline Medizinische Kompressionsstr\u00fcmpfe und Reisesocken Eingebettet in die atemberaubende Landschaft der Julischen Alpen in Slowenien setzen wir auf Innovation und Praktikabilit\u00e4t, um die realen Herausforderungen zu meistern, denen sowohl Einzelpersonen als auch Gemeinschaften gegen\u00fcberstehen. Wir suchen keine Abk\u00fcrzungen. Unser Engagement f\u00fcr Qualit\u00e4t ist unersch\u00fctterlich; wir machen keine Kompromisse. Silverline [&hellip;]<\/p>\n","protected":false},"featured_media":31682,"comment_status":"open","ping_status":"closed","template":"","meta":{"_gspb_post_css":""},"store":[],"product_brand":[],"product_cat":[],"product_tag":[],"class_list":{"0":"post-31681","1":"product","2":"type-product","3":"status-publish","4":"has-post-thumbnail","7":"first","8":"instock","9":"sale","10":"shipping-taxable","11":"product-type-external"},"_links":{"self":[{"href":"https:\/\/dealpilot.info\/index.php?rest_route=\/wp\/v2\/product\/31681","targetHints":{"allow":["GET"]}}],"collection":[{"href":"https:\/\/dealpilot.info\/index.php?rest_route=\/wp\/v2\/product"}],"about":[{"href":"https:\/\/dealpilot.info\/index.php?rest_route=\/wp\/v2\/types\/product"}],"replies":[{"embeddable":true,"href":"https:\/\/dealpilot.info\/index.php?rest_route=%2Fwp%2Fv2%2Fcomments&post=31681"}],"wp:featuredmedia":[{"embeddable":true,"href":"https:\/\/dealpilot.info\/index.php?rest_route=\/wp\/v2\/media\/31682"}],"wp:attachment":[{"href":"https:\/\/dealpilot.info\/index.php?rest_route=%2Fwp%2Fv2%2Fmedia&parent=31681"}],"wp:term":[{"taxonomy":"store","embeddable":true,"href":"https:\/\/dealpilot.info\/index.php?rest_route=%2Fwp%2Fv2%2Fstore&post=31681"},{"taxonomy":"product_brand","embeddable":true,"href":"https:\/\/dealpilot.info\/index.php?rest_route=%2Fwp%2Fv2%2Fproduct_brand&post=31681"},{"taxonomy":"product_cat","embeddable":true,"href":"https:\/\/dealpilot.info\/index.php?rest_route=%2Fwp%2Fv2%2Fproduct_cat&post=31681"},{"taxonomy":"product_tag","embeddable":true,"href":"https:\/\/dealpilot.info\/index.php?rest_route=%2Fwp%2Fv2%2Fproduct_tag&post=31681"}],"curies":[{"name":"wp","href":"https:\/\/api.w.org\/{rel}","templated":true}]}}