{"id":28363,"date":"2025-12-17T14:16:18","date_gmt":"2025-12-17T14:16:18","guid":{"rendered":"https:\/\/dealpilot.info\/?product=xbox-wireless-controller-pulse-red"},"modified":"2025-12-19T13:18:12","modified_gmt":"2025-12-19T13:18:12","slug":"xbox-wireless-controller-pulse-red","status":"publish","type":"product","link":"https:\/\/dealpilot.info\/?product=xbox-wireless-controller-pulse-red","title":{"rendered":"Xbox Wireless Controller &#8211; Pulse Red"},"content":{"rendered":"<p><br \/>\nPreis: <span style=\"color:#b12704\"><del>69,99\u20ac<\/del> - 49,99\u20ac<\/span><br \/><i><small>Preis Stand Dec 17, 2025 14:16:20 UTC<br \/>\n<br \/>\n    <span>Erlebe das modernisierte Design des Xbox Wireless Controllers in Pulse Red, der mit seinen geformten Oberfl\u00e4chen und der verfeinerten Geometrie f\u00fcr mehr Komfort beim Spielen sorgt. Bleibe dank der strukturierten Grifffl\u00e4che und dem hybriden D-Pad auf Zielkurs. Dank des neuen Share Buttons kannst du Inhalte wie Screenshots w\u00e4hrend des Spiels m\u00fchelos aufnehmen und teilen. Mit der Xbox Zubeh\u00f6r-App kannst du Tasten individuell zuweisen und benutzerdefinierte Controller-Profile f\u00fcr deine Lieblingsspiele erstellen. Verbinde den Controller sekundenschnell mit kompatiblen Ger\u00e4ten und wechsel bequem zwischen ihnen. Dazu geh\u00f6ren Xbox Series X, Xbox One, Windows 10-PCs, Android- und iOS-Ger\u00e4te. An der 3,5mm-Stereo-Headsetbuchse kannst du kompatible Headsets und Kopfh\u00f6rer anschlie\u00dfen.<\/span>    <br \/> Batterien                                            \u200f                                            :                                            \u200e                                            2 AA Batterien erforderlich (enthalten).   <br \/> Sprache                                            \u200f                                            :                                            \u200e                                            Englisch   <br \/> Produktabmessungen                                            \u200f                                            :                                            \u200e                                            17,8 x 7,2 x 17,8 cm; 437 Gramm   <br \/> Erscheinungstermin                                            \u200f                                            :                                            \u200e                                            15. April 2025   <br \/> ASIN                                            \u200f                                            :                                            \u200e                                            B0F2N5WHT7   <br \/> Herkunftsland                                            \u200f                                            :                                            \u200e                                            China   <br \/>       Amazon Bestseller-Rang:  Nr. 13 in Games (Siehe Top 100 in Games)    Nr. 1 in Controller f\u00fcr Xbox Series X &#038; S   Nr. 2 in Zubeh\u00f6r f\u00fcr Xbox      <br \/>  Kundenrezensionen:                                                                                            4,6               4,6 von 5 Sternen                                  (2.720)                                              var dpAcrHasRegisteredArcLinkClickAction;                    P.when(&#8216;A&#8217;, &#8216;ready&#8217;).execute(function(A) {                        if (dpAcrHasRegisteredArcLinkClickAction !== true) {                            dpAcrHasRegisteredArcLinkClickAction = true;                            A.declarative(                                &#8216;acrLink-click-metrics&#8217;, &#8216;click&#8217;,                                { &#8220;allowLinkDefault&#8221;: true },                                function (event) {                                    if (window.ue) {                                        ue.count(&#8220;acrLinkClickCount&#8221;, (ue.count(&#8220;acrLinkClickCount&#8221;) || 0) + 1);                                    }                                }                            );                        }                    });                                             P.when(&#8216;A&#8217;, &#8216;cf&#8217;).execute(function(A) {                A.declarative(&#8216;acrStarsLink-click-metrics&#8217;, &#8216;click&#8217;, { &#8220;allowLinkDefault&#8221; : true },  function(event){                    if(window.ue) {                        ue.count(&#8220;acrStarsLinkWithPopoverClickCount&#8221;, (ue.count(&#8220;acrStarsLinkWithPopoverClickCount&#8221;) || 0) + 1);                    }                });            });                          <\/p>\n<p>Erlebe das modernisierte Design des Xbox Wireless Controllers in Pulse Red, der mit seinen geformten Oberfl\u00e4chen und der verfeinerten Geometrie f\u00fcr mehr Komfort beim Spielen sorgt.<br \/>Dieses Produkt hat eine neue, kleinere Verpackung, aber beinhaltet den gleichen offiziellen Xbox-Controller.<br \/>Bleibe dank der strukturierten Grifffl\u00e4che und dem hybriden D-Pad auf Zielkurs.<br \/>An der 3,5mm-Stereo-Headsetbuchse kannst du kompatible Headsets und Kopfh\u00f6rer anschlie\u00dfen.<br \/>Dank der Share-Taste kannst du Inhalte wie Screenshots w\u00e4hrend des Spiels m\u00fchelos aufnehmen und teilen.<br \/>Verf\u00fcgt \u00fcber Xbox Wireless- und Bluetooth-Technologie f\u00fcr drahtloses Gaming auf unterst\u00fctzten Konsolen, Windows 10-PCs, Android-Smartphones sowie Tablets.<br \/>Passe den Controller auf deine Bed\u00fcrfnisse an und weise die Tasten so zu, wie du m\u00f6chtest &#8211; mit der Xbox Zubeh\u00f6r-App.<br \/>AA-Batterien f\u00fcr bis zu 40 Stunden Batterielebensdauer (Die Batterielebensdauer variiert erheblich mit Headsets, zus\u00e4tzlichem Zubeh\u00f6r, Verwendung und anderen Faktoren. Von Microsoft mit Vorproduktionsger\u00e4ten durchgef\u00fchrte Tests).<br \/>\n<br \/><\/p>\n","protected":false},"excerpt":{"rendered":"<p>Preis: Preis Stand Erlebe das modernisierte Design des Xbox Wireless Controllers in Pulse Red, der mit seinen geformten Oberfl\u00e4chen und der verfeinerten Geometrie f\u00fcr mehr Komfort beim Spielen sorgt. Bleibe dank der strukturierten Grifffl\u00e4che und dem hybriden D-Pad auf Zielkurs. Dank des neuen Share Buttons kannst du Inhalte wie Screenshots w\u00e4hrend des Spiels m\u00fchelos aufnehmen [&hellip;]<\/p>\n","protected":false},"featured_media":28364,"comment_status":"open","ping_status":"closed","template":"","meta":{"_gspb_post_css":""},"store":[],"product_brand":[],"product_cat":[],"product_tag":[],"class_list":{"0":"post-28363","1":"product","2":"type-product","3":"status-publish","4":"has-post-thumbnail","7":"first","8":"instock","9":"sale","10":"shipping-taxable","11":"product-type-external"},"_links":{"self":[{"href":"https:\/\/dealpilot.info\/index.php?rest_route=\/wp\/v2\/product\/28363","targetHints":{"allow":["GET"]}}],"collection":[{"href":"https:\/\/dealpilot.info\/index.php?rest_route=\/wp\/v2\/product"}],"about":[{"href":"https:\/\/dealpilot.info\/index.php?rest_route=\/wp\/v2\/types\/product"}],"replies":[{"embeddable":true,"href":"https:\/\/dealpilot.info\/index.php?rest_route=%2Fwp%2Fv2%2Fcomments&post=28363"}],"wp:featuredmedia":[{"embeddable":true,"href":"https:\/\/dealpilot.info\/index.php?rest_route=\/wp\/v2\/media\/28364"}],"wp:attachment":[{"href":"https:\/\/dealpilot.info\/index.php?rest_route=%2Fwp%2Fv2%2Fmedia&parent=28363"}],"wp:term":[{"taxonomy":"store","embeddable":true,"href":"https:\/\/dealpilot.info\/index.php?rest_route=%2Fwp%2Fv2%2Fstore&post=28363"},{"taxonomy":"product_brand","embeddable":true,"href":"https:\/\/dealpilot.info\/index.php?rest_route=%2Fwp%2Fv2%2Fproduct_brand&post=28363"},{"taxonomy":"product_cat","embeddable":true,"href":"https:\/\/dealpilot.info\/index.php?rest_route=%2Fwp%2Fv2%2Fproduct_cat&post=28363"},{"taxonomy":"product_tag","embeddable":true,"href":"https:\/\/dealpilot.info\/index.php?rest_route=%2Fwp%2Fv2%2Fproduct_tag&post=28363"}],"curies":[{"name":"wp","href":"https:\/\/api.w.org\/{rel}","templated":true}]}}