{"id":22347,"date":"2025-10-15T11:12:59","date_gmt":"2025-10-15T11:12:59","guid":{"rendered":"https:\/\/dealpilot.info\/?product=nespresso-delonghi-essenza-mini-kaffeekapselmaschine-schwarz-19-bar-pumpendruck-06l"},"modified":"2025-10-15T11:13:00","modified_gmt":"2025-10-15T11:13:00","slug":"nespresso-delonghi-essenza-mini-kaffeekapselmaschine-schwarz-19-bar-pumpendruck-06l","status":"publish","type":"product","link":"https:\/\/dealpilot.info\/?product=nespresso-delonghi-essenza-mini-kaffeekapselmaschine-schwarz-19-bar-pumpendruck-06l","title":{"rendered":"Nespresso De\u2019Longhi Essenza Mini Kaffeekapselmaschine schwarz | 19 Bar Pumpendruck | 0,6l"},"content":{"rendered":"<p><br \/>\nPreis: <span style=\"color:#b12704\"><del>104,99\u20ac<\/del> - 58,99\u20ac<\/span><br \/><i><small>Preis Stand Oct 15, 2025 11:13:00 UTC<br \/>\n<\/p>\n<p>                                             Produktbeschreibung des Herstellers   <\/p>\n<p>                                                                                                      <img decoding=\"async\" alt=\"a\" src=\"https:\/\/images-na.ssl-images-amazon.com\/images\/G\/01\/x-locale\/common\/grey-pixel.gif\" class=\"a-lazy-loaded\" data-src=\"https:\/\/m.media-amazon.com\/images\/S\/aplus-media-library-service-media\/2f48af1a-0034-4189-a88f-4fce2882f9fe.__CR0,0,1464,600_PT0_SX1464_V1___.jpg\"><img decoding=\"async\" alt=\"a\" src=\"https:\/\/m.media-amazon.com\/images\/S\/aplus-media-library-service-media\/2f48af1a-0034-4189-a88f-4fce2882f9fe.__CR0,0,1464,600_PT0_SX1464_V1___.jpg\">                                               <\/p>\n<p>                                                                                                      <img decoding=\"async\" alt=\"header \" src=\"https:\/\/images-na.ssl-images-amazon.com\/images\/G\/01\/x-locale\/common\/grey-pixel.gif\" class=\"a-lazy-loaded\" data-src=\"https:\/\/m.media-amazon.com\/images\/S\/aplus-media-library-service-media\/b16b089c-eda9-44f3-a8ae-36dfa9652521.__CR0,0,1464,600_PT0_SX1464_V1___.jpg\"><img decoding=\"async\" alt=\"header \" src=\"https:\/\/m.media-amazon.com\/images\/S\/aplus-media-library-service-media\/b16b089c-eda9-44f3-a8ae-36dfa9652521.__CR0,0,1464,600_PT0_SX1464_V1___.jpg\">                                               <\/p>\n<p>                                                                                                      <img decoding=\"async\" alt=\"1\" src=\"https:\/\/images-na.ssl-images-amazon.com\/images\/G\/01\/x-locale\/common\/grey-pixel.gif\" class=\"a-lazy-loaded\" data-src=\"https:\/\/m.media-amazon.com\/images\/S\/aplus-media-library-service-media\/d45fc4b7-2f19-4ebc-87a7-1602e1c99f57.__CR0,0,1464,600_PT0_SX1464_V1___.jpg\"><img decoding=\"async\" alt=\"1\" src=\"https:\/\/m.media-amazon.com\/images\/S\/aplus-media-library-service-media\/d45fc4b7-2f19-4ebc-87a7-1602e1c99f57.__CR0,0,1464,600_PT0_SX1464_V1___.jpg\">                                               <\/p>\n<p>                                                                                                                 <img decoding=\"async\" alt=\"S\" src=\"https:\/\/m.media-amazon.com\/images\/S\/aplus-media-library-service-media\/02f19759-ef34-4087-b736-6070787a8e29.__CR0,0,1464,600_PT0_SX1464_V1___.jpg\">                                                   <img decoding=\"async\" alt=\"1\" src=\"https:\/\/m.media-amazon.com\/images\/S\/aplus-media-library-service-media\/398ed86e-6324-4cc0-ae75-4d20fdebb82e.__CR0,0,1464,600_PT0_SX1464_V1___.jpg\">                                                   <img decoding=\"async\" alt=\"1\" src=\"https:\/\/m.media-amazon.com\/images\/S\/aplus-media-library-service-media\/3c30c5b4-64b4-4997-9a09-e41855145549.__CR0,0,1464,600_PT0_SX1464_V1___.jpg\">                                                   <img decoding=\"async\" alt=\"3\" src=\"https:\/\/m.media-amazon.com\/images\/S\/aplus-media-library-service-media\/9153c0e7-928a-4a9c-aa34-94f58c406ffe.__CR0,0,1464,600_PT0_SX1464_V1___.jpg\"><br \/>\n                            1   <\/p>\n<p>                            2   <\/p>\n<p>                            3   <\/p>\n<p>                            4  <\/p>\n<p>Das Video zeigt das verwendete Produkt.Das Video f\u00fchrt dich durch die Produkteinrichtung.Das Video vergleicht mehrere Produkte.Das Video zeigt das Produkt beim Auspacken.<\/p>\n<p>                                                                                                             <img decoding=\"async\" alt=\"De&amp;amp;amp;amp;amp;amp;amp;#39;Longhi Citiz Nespresso\" src=\"https:\/\/m.media-amazon.com\/images\/S\/aplus-media-library-service-media\/c4bbd3cf-74aa-4915-9b19-1d9e7b26a014.__CR0,0,1464,600_PT0_SX1464_V1___.jpg\">                                                   <img decoding=\"async\" alt=\"5\" src=\"https:\/\/m.media-amazon.com\/images\/S\/aplus-media-library-service-media\/feedfe1a-2b2d-4ab4-96c4-a71603622299.__CR0,0,1464,600_PT0_SX1464_V1___.jpg\"><br \/>\n                            1   <\/p>\n<p>                            2   <\/p>\n<p>                        Essenza Mini  <\/p>\n<h3 class=\"a-text-center aplus-h3 a-text-bold\">   <\/h3>\n<h3 class=\"a-text-center aplus-p3\"> 19 bar <\/h3>\n<h3 class=\"a-text-center aplus-p2\"> Pumpendruck <\/h3>\n<h3 class=\"a-text-center aplus-p3\"> 19 bar <\/h3>\n<h3 class=\"a-text-center aplus-p3\"> &gt;25 Sekunden <\/h3>\n<h3 class=\"a-text-center aplus-p2\"> Aufheizzeit <\/h3>\n<h3 class=\"a-text-center aplus-p3\"> 18 + 15 Sek (Milch) <\/h3>\n<h3 class=\"a-text-center aplus-p2\"> Tassenst\u00fctze <\/h3>\n<h3 class=\"a-text-center aplus-p3\"> No <\/h3>\n<h3 class=\"a-text-center aplus-p2\"> Milch-System <\/h3>\n<h3 class=\"a-text-center aplus-p3\"> One-Touch-System <\/h3>\n<h3 class=\"a-text-center aplus-p3\"> Verstellbares <\/h3>\n<h3 class=\"a-text-center aplus-p2\"> Milchbeh\u00e4lter <\/h3>\n<h3 class=\"a-text-center aplus-p3\"> 165ml <\/h3>\n<h3 class=\"a-text-center aplus-p3\"> 0,6 L <\/h3>\n<h3 class=\"a-text-center aplus-p2\"> Wassertank <\/h3>\n<h3 class=\"a-text-center aplus-p3\"> 1 L <\/h3>\n<h3 class=\"a-text-center aplus-p3\"> 19 bar <\/h3>\n<h3 class=\"a-text-center aplus-p2\"> Pumpendruck <\/h3>\n<h3 class=\"a-text-center aplus-p3\"> 19 bar <\/h3>\n<h3 class=\"a-text-center aplus-p3\"> &gt;25 Sekunden <\/h3>\n<h3 class=\"a-text-center aplus-p2\"> Aufheizzeit <\/h3>\n<h3 class=\"a-text-center aplus-p3\"> 25 Sekunden <\/h3>\n<h3 class=\"a-text-center aplus-p2\"> Tassenst\u00fctze <\/h3>\n<h3 class=\"a-text-center aplus-p3\"> No <\/h3>\n<h3 class=\"a-text-center aplus-p2\"> Milch-System <\/h3>\n<h3 class=\"a-text-center aplus-p3\"> One-Touch-System <\/h3>\n<h3 class=\"a-text-center aplus-p3\"> Verstellbares <\/h3>\n<h3 class=\"a-text-center aplus-p2\"> Milchbeh\u00e4lter <\/h3>\n<h3 class=\"a-text-center aplus-p3\"> 500ml <\/h3>\n<h3 class=\"a-text-center aplus-p3\"> 0,6 L <\/h3>\n<h3 class=\"a-text-center aplus-p2\"> Wassertank <\/h3>\n<h3 class=\"a-text-center aplus-p3\"> 1,3L <\/h3>\n<p>                                                  Lattissima One                                      <img decoding=\"async\" alt=\"1\" src=\"https:\/\/m.media-amazon.com\/images\/S\/aplus-media-library-service-media\/ebaab872-7139-42f4-845f-e3f1326c608c.__CR0,0,488,700_PT0_SX488_V1___.png\">    <\/p>\n<p>                                                       Gran Lattissima                                      <img decoding=\"async\" alt=\"1\" src=\"https:\/\/m.media-amazon.com\/images\/S\/aplus-media-library-service-media\/992aed53-a650-4868-a71a-f6cb411f1e8a.__CR0,0,488,700_PT0_SX488_V1___.png\">    <\/p>\n<p>LEISTUNGSSTARK: Mit der Kapselmaschine Nespresso Essenza Mini erhalten Sie dank kr\u00e4ftigen 19 bar Pumpendruck einen leckeren Espresso oder Lungo mit typischer Crema<br \/>PLATZSPAREND: Das kompakte Design sorgt daf\u00fcr, dass diese Nespresso Maschine in jeder K\u00fcche oder jedem B\u00fcro einen Platz findet. Mit ihren Ma\u00dfen ist die Essenza Mini auch ideal als Kaffeemaschine f\u00fcr Reisen und den Urlaub geeignet<br \/>INTUITIV: \u00dcber die 2 Direktwahltasten k\u00f6nnen Sie sich entweder f\u00fcr Espresso oder einen Kaffee Lungo entscheiden. Halten Sie die Tasten einfach gedr\u00fcckt, um die F\u00fcllmenge individuell einzustellen<br \/>ERWEITERBAR: Mit dem separat erh\u00e4ltlichen Aeroccino Milchaufsch\u00e4umer genie\u00dfen Sie nicht nur die klassischen Varianten Espresso und Lungo sondern au\u00dferdem Cappuccino und Latte Macchiato mit cremigem Milchschaum<br \/>VIELF\u00c4LTIG: Inklusive Welcome Set mit 7 Kapseln in unterschiedlichen Geschmacksrichtungen. Entdecken Sie so die Vielfalt der Nespresso Sorten und finden Sie ihren Lieblingskaffee<br \/>\n<br \/><\/p>\n","protected":false},"excerpt":{"rendered":"<p>Preis: Preis Stand Produktbeschreibung des Herstellers 1 2 3 4 Das Video zeigt das verwendete Produkt.Das Video f\u00fchrt dich durch die Produkteinrichtung.Das Video vergleicht mehrere Produkte.Das Video zeigt das Produkt beim Auspacken. 1 2 Essenza Mini 19 bar Pumpendruck 19 bar &gt;25 Sekunden Aufheizzeit 18 + 15 Sek (Milch) Tassenst\u00fctze No Milch-System One-Touch-System Verstellbares Milchbeh\u00e4lter [&hellip;]<\/p>\n","protected":false},"featured_media":22348,"comment_status":"open","ping_status":"closed","template":"","meta":{"_gspb_post_css":""},"store":[],"product_brand":[],"product_cat":[],"product_tag":[],"class_list":{"0":"post-22347","1":"product","2":"type-product","3":"status-publish","4":"has-post-thumbnail","7":"first","8":"instock","9":"sale","10":"shipping-taxable","11":"product-type-external"},"_links":{"self":[{"href":"https:\/\/dealpilot.info\/index.php?rest_route=\/wp\/v2\/product\/22347","targetHints":{"allow":["GET"]}}],"collection":[{"href":"https:\/\/dealpilot.info\/index.php?rest_route=\/wp\/v2\/product"}],"about":[{"href":"https:\/\/dealpilot.info\/index.php?rest_route=\/wp\/v2\/types\/product"}],"replies":[{"embeddable":true,"href":"https:\/\/dealpilot.info\/index.php?rest_route=%2Fwp%2Fv2%2Fcomments&post=22347"}],"wp:featuredmedia":[{"embeddable":true,"href":"https:\/\/dealpilot.info\/index.php?rest_route=\/wp\/v2\/media\/22348"}],"wp:attachment":[{"href":"https:\/\/dealpilot.info\/index.php?rest_route=%2Fwp%2Fv2%2Fmedia&parent=22347"}],"wp:term":[{"taxonomy":"store","embeddable":true,"href":"https:\/\/dealpilot.info\/index.php?rest_route=%2Fwp%2Fv2%2Fstore&post=22347"},{"taxonomy":"product_brand","embeddable":true,"href":"https:\/\/dealpilot.info\/index.php?rest_route=%2Fwp%2Fv2%2Fproduct_brand&post=22347"},{"taxonomy":"product_cat","embeddable":true,"href":"https:\/\/dealpilot.info\/index.php?rest_route=%2Fwp%2Fv2%2Fproduct_cat&post=22347"},{"taxonomy":"product_tag","embeddable":true,"href":"https:\/\/dealpilot.info\/index.php?rest_route=%2Fwp%2Fv2%2Fproduct_tag&post=22347"}],"curies":[{"name":"wp","href":"https:\/\/api.w.org\/{rel}","templated":true}]}}