{"id":1044,"date":"2024-12-22T04:17:51","date_gmt":"2024-12-22T04:17:51","guid":{"rendered":"https:\/\/dealpilot.info\/?product=happybrush-testsieger-elektrische-schallzahnburste-eco-vibe-3-elektrische-zahnburste-mit"},"modified":"2024-12-22T04:17:52","modified_gmt":"2024-12-22T04:17:52","slug":"happybrush-testsieger-elektrische-schallzahnburste-eco-vibe-3-elektrische-zahnburste-mit","status":"publish","type":"product","link":"https:\/\/dealpilot.info\/?product=happybrush-testsieger-elektrische-schallzahnburste-eco-vibe-3-elektrische-zahnburste-mit","title":{"rendered":"happybrush [Testsieger*] Elektrische Schallzahnb\u00fcrste ECO VIBE 3 -Elektrische Zahnb\u00fcrste mit"},"content":{"rendered":"<p><br \/>\nPreis: <span style=\"color:#b12704\"><del>94,95\u20ac<\/del> - 75,90\u20ac<\/span><br \/><i><small>Preis Stand Dec 22, 2024 04:17:52 UTC<br \/>\n<\/p>\n<p>         Von der Marke            <\/p>\n<p>                                      <img decoding=\"async\" alt=\"brandstory\" src=\"https:\/\/images-na.ssl-images-amazon.com\/images\/G\/01\/x-locale\/common\/grey-pixel.gif\" class=\"a-lazy-loaded\" data-src=\"https:\/\/m.media-amazon.com\/images\/S\/aplus-media-library-service-media\/7f944f54-43e1-4e0f-89bd-d4f2014499b6.__CR0,1,1464,625_PT0_SX1464_V1___.jpg\"><img decoding=\"async\" alt=\"brandstory\" src=\"https:\/\/m.media-amazon.com\/images\/S\/aplus-media-library-service-media\/7f944f54-43e1-4e0f-89bd-d4f2014499b6.__CR0,1,1464,625_PT0_SX1464_V1___.jpg\">   <\/p>\n<p>                                      <img decoding=\"async\" alt=\"logo markenstory\" src=\"https:\/\/images-na.ssl-images-amazon.com\/images\/G\/01\/x-locale\/common\/grey-pixel.gif\" class=\"a-lazy-loaded\" data-src=\"https:\/\/m.media-amazon.com\/images\/S\/aplus-media-library-service-media\/93de4171-06a6-458f-854f-f4dfc3f8d88f.__CR0,0,315,145_PT0_SX315_V1___.jpg\"><img decoding=\"async\" alt=\"logo markenstory\" src=\"https:\/\/m.media-amazon.com\/images\/S\/aplus-media-library-service-media\/93de4171-06a6-458f-854f-f4dfc3f8d88f.__CR0,0,315,145_PT0_SX315_V1___.jpg\">   <\/p>\n<p> ORALCARE THAT REALLY CARES <\/p>\n<p> happybrush steht f\u00fcr nachhaltige und moderne Mundpflege, die nicht nur deine Z\u00e4hne, sondern auch unsere Umwelt happy macht.  Mit unserer Initiative #BrushForWater unterst\u00fctzen wir Menschen in Not mit sauberem Trinkwasser. Lass uns gemeinsam die Welt der Mundpflege revolutionieren! <\/p>\n<p>                                                         Wie fangen wir an?                                       <\/p>\n<p> Flo und Stefan waren auf einer WG-Party in Frankfurt. Beim n\u00e4chtlichen Z\u00e4hneputzen fiel den beiden auf: Viele Freunde nutzen eine Handzahnb\u00fcrste, obwohl die Mehrheit der Zahn\u00e4rzte elektrisches Putzen empfiehlt. Auf der Suche nach Gr\u00fcnden kamen immer wieder die gleichen Antworten: Es ist den Freunden zu teuer, zu umst\u00e4ndlich und zu unattraktiv. Als die beiden schlafen gingen, hatte sich der Gedanke von einer elektrischen Zahnb\u00fcrste, die die Menschen gl\u00fccklich macht in ihrem Kopf festgesetzt. <\/p>\n<p>                                                         Was m\u00f6chtet ihr bewirken?                                       <\/p>\n<p> Mit happybrush wollen wir frischen Wind in die Mundpflegebranche bringen \u2013 das bedeutet f\u00fcr uns auch, verantwortungsvoll mit Ressourcen umzugehen. Deshalb werden unsere Produkte und Verpackungen so weit wie m\u00f6glich aus recycelten, recycelbaren oder auch nachwachsenden Materialien hergestellt.  Damit wollen wir m\u00f6glichst vielen Menschen helfen, ihr Badezimmer nachhaltiger zu machen. <\/p>\n<p>                                                         Wie viel Plastik konntet ihr bereits einsparen?                                       <\/p>\n<p> Durch den Einsatz von recyceltem Plastik konnten wir schon ca. 88 Tonnen Neuplastik einsparen.  <\/p>\n<p>                                      <img decoding=\"async\" alt=\"grunder\" src=\"https:\/\/images-na.ssl-images-amazon.com\/images\/G\/01\/x-locale\/common\/grey-pixel.gif\" class=\"a-lazy-loaded\" data-src=\"https:\/\/m.media-amazon.com\/images\/S\/aplus-media-library-service-media\/834a11fe-ba89-4084-9044-3955e122f114.__CR140,0,720,901_PT0_SX362_V1___.jpg\"><img decoding=\"async\" alt=\"grunder\" src=\"https:\/\/m.media-amazon.com\/images\/S\/aplus-media-library-service-media\/834a11fe-ba89-4084-9044-3955e122f114.__CR140,0,720,901_PT0_SX362_V1___.jpg\">   <\/p>\n<p>                                                         Mit mit welchen Organisationen arbeitet ihr zusammen?                                       <\/p>\n<p> Sowohl unser Unternehmen als auch unsere Produkte sind durch Climate Partner als klimaneutral zertifiziert. Unsere Schall-Zahnb\u00fcrste Eco VIBE 3 beispielsweise ist die weltweit erste klimaneutrale elektrische Zahnb\u00fcrste. <\/p>\n<p> Batterien                                    \u200f                                        :                                    \u200e                                 1 Lithium-Ionen Batterien erforderlich (enthalten). <br \/> Verpackungsabmessungen                                    \u200f                                        :                                    \u200e                                 23,5 x 17 x 12,7 cm; 620 Gramm <br \/> Hersteller                                    \u200f                                        :                                    \u200e                                 happybrush <br \/> ASIN                                    \u200f                                        :                                    \u200e                                 B0854MDNMZ <br \/> Modellnummer                                    \u200f                                        :                                    \u200e                                 HB2B39 <br \/> Herkunftsland                                    \u200f                                        :                                    \u200e                                 China <\/p>\n<p>HOCHWERTIGE QUALIT\u00c4T: 40.000 Vibrationen pro Minute, individuelle Reinigungs-Modi (Normal, Sensitiv, Polieren) und 3-fach gedrehte Borsten sorgen f\u00fcr eine sanfte und effektive Reinigung deiner Z\u00e4hne.<br \/>NACHHALTIGE MATERIALIEN: Die weltweit erste klimaneutrale Schall-Zahnb\u00fcrste mit Geh\u00e4use aus 100% recyceltem Plastik und Aufsteckb\u00fcrsten aus nachwachsenden Rohstoffen (ausgenommen Innenteil und Borsten).<br \/>LEISTUNGSSTARKER POWER-AKKU: Mit bis zu 6 Wochen Batterielaufzeit und praktischem Travel-Lock macht die happybrush dein Badezimmer nachhaltiger und ist gleichzeitig deine perfekte Reisezahnb\u00fcrste.<br \/>*VIELFACHER TESTSIEGER: Schallzahnb\u00fcrste Eco V3, Testsieger, FAZ Kaufkompass (05\/2024), Schallzahnb\u00fcrste Eco V3, Testsieger mit der Note &#8220;sehr gut&#8221; zusammen mit einem weiteren Produkt, \u00d6ko-Test (05\/2023)<br \/>INHALT: 1x Elektrische Zahnb\u00fcrste Eco V3 wei\u00df\/mint, 1x magnetisches Ladeger\u00e4t + USB-Kabel, 1x Stecker, 1x Zahnb\u00fcrsten Etui, 1x SuperWhite Zahnpasta. Plastikfreie Umverpackungen aus FSC-zertifiziertem Karton.<br \/>\n<br \/><\/p>\n","protected":false},"excerpt":{"rendered":"<p>Preis: Preis Stand Von der Marke ORALCARE THAT REALLY CARES happybrush steht f\u00fcr nachhaltige und moderne Mundpflege, die nicht nur deine Z\u00e4hne, sondern auch unsere Umwelt happy macht. Mit unserer Initiative #BrushForWater unterst\u00fctzen wir Menschen in Not mit sauberem Trinkwasser. Lass uns gemeinsam die Welt der Mundpflege revolutionieren! Wie fangen wir an? Flo und Stefan [&hellip;]<\/p>\n","protected":false},"featured_media":1045,"comment_status":"open","ping_status":"closed","template":"","meta":{"_gspb_post_css":""},"store":[],"product_brand":[],"product_cat":[],"product_tag":[],"class_list":{"0":"post-1044","1":"product","2":"type-product","3":"status-publish","4":"has-post-thumbnail","7":"first","8":"instock","9":"sale","10":"shipping-taxable","11":"product-type-external"},"_links":{"self":[{"href":"https:\/\/dealpilot.info\/index.php?rest_route=\/wp\/v2\/product\/1044","targetHints":{"allow":["GET"]}}],"collection":[{"href":"https:\/\/dealpilot.info\/index.php?rest_route=\/wp\/v2\/product"}],"about":[{"href":"https:\/\/dealpilot.info\/index.php?rest_route=\/wp\/v2\/types\/product"}],"replies":[{"embeddable":true,"href":"https:\/\/dealpilot.info\/index.php?rest_route=%2Fwp%2Fv2%2Fcomments&post=1044"}],"wp:featuredmedia":[{"embeddable":true,"href":"https:\/\/dealpilot.info\/index.php?rest_route=\/wp\/v2\/media\/1045"}],"wp:attachment":[{"href":"https:\/\/dealpilot.info\/index.php?rest_route=%2Fwp%2Fv2%2Fmedia&parent=1044"}],"wp:term":[{"taxonomy":"store","embeddable":true,"href":"https:\/\/dealpilot.info\/index.php?rest_route=%2Fwp%2Fv2%2Fstore&post=1044"},{"taxonomy":"product_brand","embeddable":true,"href":"https:\/\/dealpilot.info\/index.php?rest_route=%2Fwp%2Fv2%2Fproduct_brand&post=1044"},{"taxonomy":"product_cat","embeddable":true,"href":"https:\/\/dealpilot.info\/index.php?rest_route=%2Fwp%2Fv2%2Fproduct_cat&post=1044"},{"taxonomy":"product_tag","embeddable":true,"href":"https:\/\/dealpilot.info\/index.php?rest_route=%2Fwp%2Fv2%2Fproduct_tag&post=1044"}],"curies":[{"name":"wp","href":"https:\/\/api.w.org\/{rel}","templated":true}]}}